{"id":1730,"date":"2022-12-07T10:47:37","date_gmt":"2022-12-07T07:47:37","guid":{"rendered":"https:\/\/fotona.md\/starformer-tightwave\/"},"modified":"2022-12-23T14:20:41","modified_gmt":"2022-12-23T11:20:41","slug":"starformer-tightwave","status":"publish","type":"page","link":"https:\/\/fotona.md\/ro\/starformer-tightwave\/","title":{"rendered":"StarFormer\u00ae TightWave\u00ae"},"content":{"rendered":"\t\t<div data-elementor-type=\"wp-page\" data-elementor-id=\"1730\" class=\"elementor elementor-1730 elementor-568\">\n\t\t\t\t\t\t\t\t\t<section class=\"elementor-section elementor-top-section elementor-element elementor-element-5ecaa75 elementor-section-full_width elementor-section-content-middle elementor-section-height-default elementor-section-height-default\" data-id=\"5ecaa75\" data-element_type=\"section\">\n\t\t\t\t\t\t<div class=\"elementor-container elementor-column-gap-default\">\n\t\t\t\t\t<div class=\"elementor-column elementor-col-50 elementor-top-column elementor-element elementor-element-fc17f36 elementor-invisible\" data-id=\"fc17f36\" data-element_type=\"column\" data-settings=\"{&quot;background_background&quot;:&quot;classic&quot;,&quot;animation&quot;:&quot;fadeInLeft&quot;}\">\n\t\t\t<div class=\"elementor-widget-wrap elementor-element-populated\">\n\t\t\t\t\t\t\t\t<div class=\"elementor-element elementor-element-e9d233d elementor-hidden-desktop elementor-widget elementor-widget-image\" data-id=\"e9d233d\" data-element_type=\"widget\" data-settings=\"{&quot;_animation_tablet&quot;:&quot;fadeInLeft&quot;}\" data-widget_type=\"image.default\">\n\t\t\t\t<div class=\"elementor-widget-container\">\n\t\t\t<style>\/*! elementor - v3.9.2 - 21-12-2022 *\/\n.elementor-widget-image{text-align:center}.elementor-widget-image a{display:inline-block}.elementor-widget-image a img[src$=\".svg\"]{width:48px}.elementor-widget-image img{vertical-align:middle;display:inline-block}<\/style>\t\t\t\t\t\t\t\t\t\t\t\t<img loading=\"lazy\" decoding=\"async\" width=\"1800\" height=\"1069\" src=\"https:\/\/fotona.md\/wp-content\/uploads\/2022\/12\/starformer_banner_2.jpg\" class=\"attachment-full size-full wp-image-705\" alt=\"\" srcset=\"https:\/\/fotona.md\/wp-content\/uploads\/2022\/12\/starformer_banner_2.jpg 1800w, https:\/\/fotona.md\/wp-content\/uploads\/2022\/12\/starformer_banner_2-300x178.jpg 300w, https:\/\/fotona.md\/wp-content\/uploads\/2022\/12\/starformer_banner_2-1024x608.jpg 1024w, https:\/\/fotona.md\/wp-content\/uploads\/2022\/12\/starformer_banner_2-768x456.jpg 768w, https:\/\/fotona.md\/wp-content\/uploads\/2022\/12\/starformer_banner_2-1536x912.jpg 1536w\" sizes=\"auto, (max-width: 1800px) 100vw, 1800px\" \/>\t\t\t\t\t\t\t\t\t\t\t\t\t\t\t<\/div>\n\t\t\t\t<\/div>\n\t\t\t\t\t<\/div>\n\t\t<\/div>\n\t\t\t\t<div class=\"elementor-column elementor-col-50 elementor-top-column elementor-element elementor-element-5d7b97e elementor-invisible\" data-id=\"5d7b97e\" data-element_type=\"column\" data-settings=\"{&quot;animation&quot;:&quot;fadeInRight&quot;}\">\n\t\t\t<div class=\"elementor-widget-wrap elementor-element-populated\">\n\t\t\t\t\t\t\t\t<div class=\"elementor-element elementor-element-50c30d3 elementor-widget elementor-widget-heading\" data-id=\"50c30d3\" data-element_type=\"widget\" data-widget_type=\"heading.default\">\n\t\t\t\t<div class=\"elementor-widget-container\">\n\t\t\t<style>\/*! elementor - v3.9.2 - 21-12-2022 *\/\n.elementor-heading-title{padding:0;margin:0;line-height:1}.elementor-widget-heading .elementor-heading-title[class*=elementor-size-]>a{color:inherit;font-size:inherit;line-height:inherit}.elementor-widget-heading .elementor-heading-title.elementor-size-small{font-size:15px}.elementor-widget-heading .elementor-heading-title.elementor-size-medium{font-size:19px}.elementor-widget-heading .elementor-heading-title.elementor-size-large{font-size:29px}.elementor-widget-heading .elementor-heading-title.elementor-size-xl{font-size:39px}.elementor-widget-heading .elementor-heading-title.elementor-size-xxl{font-size:59px}<\/style><h2 class=\"elementor-heading-title elementor-size-default\">StarFormer\u00ae TightWave\u00ae<\/h2>\t\t<\/div>\n\t\t\t\t<\/div>\n\t\t\t\t<div class=\"elementor-element elementor-element-e1084f2 elementor-widget elementor-widget-heading\" data-id=\"e1084f2\" data-element_type=\"widget\" data-widget_type=\"heading.default\">\n\t\t\t\t<div class=\"elementor-widget-container\">\n\t\t\t<h3 class=\"elementor-heading-title elementor-size-default\">Sculptur\u0103 magnetic\u0103 a corpului<\/h3>\t\t<\/div>\n\t\t\t\t<\/div>\n\t\t\t\t<div class=\"elementor-element elementor-element-31d7e81 elementor-widget elementor-widget-text-editor\" data-id=\"31d7e81\" data-element_type=\"widget\" data-widget_type=\"text-editor.default\">\n\t\t\t\t<div class=\"elementor-widget-container\">\n\t\t\t<style>\/*! elementor - v3.9.2 - 21-12-2022 *\/\n.elementor-widget-text-editor.elementor-drop-cap-view-stacked .elementor-drop-cap{background-color:#818a91;color:#fff}.elementor-widget-text-editor.elementor-drop-cap-view-framed .elementor-drop-cap{color:#818a91;border:3px solid;background-color:transparent}.elementor-widget-text-editor:not(.elementor-drop-cap-view-default) .elementor-drop-cap{margin-top:8px}.elementor-widget-text-editor:not(.elementor-drop-cap-view-default) .elementor-drop-cap-letter{width:1em;height:1em}.elementor-widget-text-editor .elementor-drop-cap{float:left;text-align:center;line-height:1;font-size:50px}.elementor-widget-text-editor .elementor-drop-cap-letter{display:inline-block}<\/style>\t\t\t\t<p><strong>StarFormer\u00ae<\/strong> este un dispozitiv de stimulare magnetic\u0103 Tesla de \u00eenalt\u0103 intensitate (HITS\u2122) , care permite \u00eent\u0103rirea \u0219i tonifierea muscular\u0103 f\u0103r\u0103 efort.<\/p>\n<p>Tratamentul <strong>StarFormer\u00ae TightWave\u00ae<\/strong> folose\u0219te tehnologia non-invaziv\u0103 HITS\u2122 pentru o ac\u021biune selectiv\u0103 asupra \u021besuturilor musculare \u0219i asigur\u0103 tonifierea \u0219i \u00eent\u0103rirea mu\u0219chilor \u00een diferite zone ale corpului:<\/p>\n<ul>\n<li>muschii fesieri<\/li>\n<li>mu\u0219chii abdominali<\/li>\n<li>mu\u0219chii hamstring<\/li>\n<li>mu\u0219chii bra\u021belor<\/li>\n<li>mu\u0219chii spatelui<\/li>\n<\/ul>\n\t\t\t\t\t\t<\/div>\n\t\t\t\t<\/div>\n\t\t\t\t<div class=\"elementor-element elementor-element-dc5b1aa elementor-widget__width-auto elementor-mobile-align-center elementor-widget-mobile__width-inherit elementor-invisible elementor-widget elementor-widget-button\" data-id=\"dc5b1aa\" data-element_type=\"widget\" data-settings=\"{&quot;_animation&quot;:&quot;fadeInUp&quot;,&quot;_animation_delay&quot;:600}\" data-widget_type=\"button.default\">\n\t\t\t\t<div class=\"elementor-widget-container\">\n\t\t\t\t\t<div class=\"elementor-button-wrapper\">\n\t\t\t<a href=\"https:\/\/fotona.md\/wp-content\/uploads\/2022\/12\/Starformer.pdf\" target=\"_blank\" class=\"elementor-button-link elementor-button elementor-size-lg\" role=\"button\">\n\t\t\t\t\t\t<span class=\"elementor-button-content-wrapper\">\n\t\t\t\t\t\t\t<span class=\"elementor-button-icon elementor-align-icon-left\">\n\t\t\t\t<i aria-hidden=\"true\" class=\"far fa-file-pdf\"><\/i>\t\t\t<\/span>\n\t\t\t\t\t\t<span class=\"elementor-button-text\">Descarca\u021bi bro\u0219ura<\/span>\n\t\t<\/span>\n\t\t\t\t\t<\/a>\n\t\t<\/div>\n\t\t\t\t<\/div>\n\t\t\t\t<\/div>\n\t\t\t\t\t<\/div>\n\t\t<\/div>\n\t\t\t\t\t\t\t<\/div>\n\t\t<\/section>\n\t\t\t\t<section class=\"elementor-section elementor-top-section elementor-element elementor-element-e7d82d6 elementor-section-boxed elementor-section-height-default elementor-section-height-default elementor-invisible\" data-id=\"e7d82d6\" data-element_type=\"section\" data-settings=\"{&quot;animation&quot;:&quot;fadeInUp&quot;}\">\n\t\t\t\t\t\t<div class=\"elementor-container elementor-column-gap-default\">\n\t\t\t\t\t<div class=\"elementor-column elementor-col-100 elementor-top-column elementor-element elementor-element-570f243\" data-id=\"570f243\" data-element_type=\"column\" data-settings=\"{&quot;background_background&quot;:&quot;classic&quot;}\">\n\t\t\t<div class=\"elementor-widget-wrap elementor-element-populated\">\n\t\t\t\t\t\t\t\t<div class=\"elementor-element elementor-element-18c0cee elementor-aspect-ratio-169 elementor-widget elementor-widget-video\" data-id=\"18c0cee\" data-element_type=\"widget\" data-settings=\"{&quot;youtube_url&quot;:&quot;https:\\\/\\\/www.youtube.com\\\/watch?v=IxypmLqMPUk&quot;,&quot;video_type&quot;:&quot;youtube&quot;,&quot;controls&quot;:&quot;yes&quot;,&quot;aspect_ratio&quot;:&quot;169&quot;}\" data-widget_type=\"video.default\">\n\t\t\t\t<div class=\"elementor-widget-container\">\n\t\t\t<style>\/*! elementor - v3.9.2 - 21-12-2022 *\/\n.elementor-widget-video .elementor-widget-container{overflow:hidden;transform:translateZ(0)}.elementor-widget-video .elementor-open-inline .elementor-custom-embed-image-overlay{position:absolute;top:0;left:0;width:100%;height:100%;background-size:cover;background-position:50%}.elementor-widget-video .elementor-custom-embed-image-overlay{cursor:pointer;text-align:center}.elementor-widget-video .elementor-custom-embed-image-overlay:hover .elementor-custom-embed-play i{opacity:1}.elementor-widget-video .elementor-custom-embed-image-overlay img{display:block;width:100%}.elementor-widget-video .e-hosted-video .elementor-video{-o-object-fit:cover;object-fit:cover}.e-con-inner>.elementor-widget-video,.e-con>.elementor-widget-video{width:var(--container-widget-width);--flex-grow:var(--container-widget-flex-grow)}<\/style>\t\t<div class=\"elementor-wrapper elementor-fit-aspect-ratio elementor-open-inline\">\n\t\t\t<div class=\"elementor-video\"><\/div>\t\t<\/div>\n\t\t\t\t<\/div>\n\t\t\t\t<\/div>\n\t\t\t\t<div class=\"elementor-element elementor-element-6b8e8fb elementor-widget elementor-widget-text-editor\" data-id=\"6b8e8fb\" data-element_type=\"widget\" data-widget_type=\"text-editor.default\">\n\t\t\t\t<div class=\"elementor-widget-container\">\n\t\t\t\t\t\t\t<div class=\"col-md-6\">\n<h3><strong>Cum func\u021bioneaz\u0103<\/strong><\/h3>\n<p>Pulsurile magnetice p\u0103trund \u00een straturile musculare \u00een mod inofensiv, determin\u00e2ndu-le s\u0103 se contracte automat. Cu StarFormer\u00ae, celulele musculare pot fi construite f\u0103r\u0103 efort \u0219i f\u0103r\u0103 contrac\u021bii musculare cum ar fi \u00een timpul antrenamentelor tradi\u021bionale de for\u021b\u0103. Rezultatul final este cre\u0219terea for\u021bei musculare.<\/p>\n<p><strong>Avantajele cheie ale StarFormer<sup>\u00ae<\/sup> TightWave<sup>\u00ae<\/sup>:<br \/>\n<\/strong><\/p>\n<\/div>\n<div class=\"col-md-6\">\n<ul>\n<li aria-level=\"1\">\u00cent\u0103rirea sigur\u0103, rapid\u0103 \u0219i u\u0219oar\u0103 a mu\u0219chilor<\/li>\n<li aria-level=\"1\">Abordare non-invaziv\u0103<\/li>\n<li aria-level=\"1\">Procedura de \u201cintrare\/ie\u0219ire\u201d<\/li>\n<li aria-level=\"1\">Rata ridicat\u0103 de succes \u0219i satisfac\u021bia pacien\u021bilor<\/li>\n<li aria-level=\"1\">Nu este necesar\u0103 nicio preg\u0103tire<\/li>\n<\/ul>\n<p><img decoding=\"async\" src=\"https:\/\/www.fotona.com\/media\/documents\/aesthetics\/body_areas.jpg\" alt=\"\" \/><\/p>\n<p>Modelul  <strong>StarFormer<sup>\u00ae<\/sup> PRO\u00a0<\/strong>este o combina\u021bie a modelelor TightWave\u00ae \u0438 IntimaWave\u00ae, care ofer\u0103 dezvoltarea mu\u0219chilor scheletici, precum \u0219i stimularea mu\u0219chilor plan\u0219eului pelvin.<\/p>\n<h3><strong>Informa\u021bii suplimentare<\/strong><\/h3>\n<p>Pentru a afla mai multe despre poten\u021bialul uimitor al StarFormer\u00ae TightWave\u00ae, desc\u0103rca\u021bi bro\u0219ura noastr\u0103 de produs, viziona\u021bi un scurt videoclip introductiv sau contacta\u021bi un reprezentant din zona dumneavoastr\u0103.<\/p>\n<p>Laser and Health Academy (LA&#038;HA) \u00een educa\u021bie \u0219i cercetare clinic\u0103 privind aplica\u021biile laser medical.<\/p>\n<\/div>\n\t\t\t\t\t\t<\/div>\n\t\t\t\t<\/div>\n\t\t\t\t<div class=\"elementor-element elementor-element-ecca0ac elementor-mobile-align-center elementor-widget-mobile__width-inherit elementor-align-center elementor-invisible elementor-widget elementor-widget-button\" data-id=\"ecca0ac\" data-element_type=\"widget\" data-settings=\"{&quot;_animation&quot;:&quot;fadeInUp&quot;,&quot;_animation_delay&quot;:600}\" data-widget_type=\"button.default\">\n\t\t\t\t<div class=\"elementor-widget-container\">\n\t\t\t\t\t<div class=\"elementor-button-wrapper\">\n\t\t\t<a href=\"#elementor-action%3Aaction%3Dpopup%3Aopen%26settings%3DeyJpZCI6MTU5OSwidG9nZ2xlIjpmYWxzZX0%3D\" class=\"elementor-button-link elementor-button elementor-size-xl elementor-animation-float\" role=\"button\">\n\t\t\t\t\t\t<span class=\"elementor-button-content-wrapper\">\n\t\t\t\t\t\t<span class=\"elementor-button-text\">Comanda\u021bi laserul StarFormer\u00ae TightWave\u00ae<\/span>\n\t\t<\/span>\n\t\t\t\t\t<\/a>\n\t\t<\/div>\n\t\t\t\t<\/div>\n\t\t\t\t<\/div>\n\t\t\t\t\t<\/div>\n\t\t<\/div>\n\t\t\t\t\t\t\t<\/div>\n\t\t<\/section>\n\t\t\t\t\t\t\t<\/div>\n\t\t","protected":false},"excerpt":{"rendered":"<p>StarFormer\u00ae TightWave\u00ae Sculptur\u0103 magnetic\u0103 a corpului StarFormer\u00ae este un dispozitiv de stimulare magnetic\u0103 Tesla de \u00eenalt\u0103 intensitate (HITS\u2122) , care permite \u00eent\u0103rirea \u0219i tonifierea muscular\u0103 f\u0103r\u0103 efort. Tratamentul StarFormer\u00ae TightWave\u00ae folose\u0219te tehnologia non-invaziv\u0103 HITS\u2122 pentru o ac\u021biune selectiv\u0103 asupra \u021besuturilor musculare \u0219i asigur\u0103 tonifierea \u0219i \u00eent\u0103rirea mu\u0219chilor \u00een diferite zone ale corpului: muschii fesieri mu\u0219chii [&hellip;]<\/p>\n","protected":false},"author":1,"featured_media":0,"parent":0,"menu_order":0,"comment_status":"closed","ping_status":"closed","template":"elementor_header_footer","meta":{"footnotes":""},"class_list":["post-1730","page","type-page","status-publish","hentry"],"yoast_head":"<!-- This site is optimized with the Yoast SEO plugin v20.7 - https:\/\/yoast.com\/wordpress\/plugins\/seo\/ -->\n<title>StarFormer\u00ae TightWave\u00ae | Fotona<\/title>\n<meta name=\"robots\" content=\"index, follow, max-snippet:-1, max-image-preview:large, max-video-preview:-1\" \/>\n<link rel=\"canonical\" href=\"https:\/\/fotona.md\/ro\/starformer-tightwave\/\" \/>\n<meta property=\"og:locale\" content=\"ro_RO\" \/>\n<meta property=\"og:type\" content=\"article\" \/>\n<meta property=\"og:title\" content=\"StarFormer\u00ae TightWave\u00ae | Fotona\" \/>\n<meta property=\"og:description\" content=\"StarFormer\u00ae TightWave\u00ae Sculptur\u0103 magnetic\u0103 a corpului StarFormer\u00ae este un dispozitiv de stimulare magnetic\u0103 Tesla de \u00eenalt\u0103 intensitate (HITS\u2122) , care permite \u00eent\u0103rirea \u0219i tonifierea muscular\u0103 f\u0103r\u0103 efort. Tratamentul StarFormer\u00ae TightWave\u00ae folose\u0219te tehnologia non-invaziv\u0103 HITS\u2122 pentru o ac\u021biune selectiv\u0103 asupra \u021besuturilor musculare \u0219i asigur\u0103 tonifierea \u0219i \u00eent\u0103rirea mu\u0219chilor \u00een diferite zone ale corpului: muschii fesieri mu\u0219chii [&hellip;]\" \/>\n<meta property=\"og:url\" content=\"https:\/\/fotona.md\/ro\/starformer-tightwave\/\" \/>\n<meta property=\"og:site_name\" content=\"Fotona\" \/>\n<meta property=\"article:modified_time\" content=\"2022-12-23T11:20:41+00:00\" \/>\n<meta property=\"og:image\" content=\"https:\/\/fotona.md\/wp-content\/uploads\/2022\/12\/starformer_banner_2.jpg\" \/>\n<meta name=\"twitter:card\" content=\"summary_large_image\" \/>\n<meta name=\"twitter:label1\" content=\"Timp estimat pentru citire\" \/>\n\t<meta name=\"twitter:data1\" content=\"1 minut\" \/>\n<script type=\"application\/ld+json\" class=\"yoast-schema-graph\">{\"@context\":\"https:\/\/schema.org\",\"@graph\":[{\"@type\":\"WebPage\",\"@id\":\"https:\/\/fotona.md\/ro\/starformer-tightwave\/\",\"url\":\"https:\/\/fotona.md\/ro\/starformer-tightwave\/\",\"name\":\"StarFormer\u00ae TightWave\u00ae | Fotona\",\"isPartOf\":{\"@id\":\"https:\/\/fotona.md\/ro\/#website\"},\"datePublished\":\"2022-12-07T07:47:37+00:00\",\"dateModified\":\"2022-12-23T11:20:41+00:00\",\"breadcrumb\":{\"@id\":\"https:\/\/fotona.md\/ro\/starformer-tightwave\/#breadcrumb\"},\"inLanguage\":\"ro-RO\",\"potentialAction\":[{\"@type\":\"ReadAction\",\"target\":[\"https:\/\/fotona.md\/ro\/starformer-tightwave\/\"]}]},{\"@type\":\"BreadcrumbList\",\"@id\":\"https:\/\/fotona.md\/ro\/starformer-tightwave\/#breadcrumb\",\"itemListElement\":[{\"@type\":\"ListItem\",\"position\":1,\"name\":\"\u0413\u043b\u0430\u0432\u043d\u0430\u044f \u0441\u0442\u0440\u0430\u043d\u0438\u0446\u0430\",\"item\":\"https:\/\/fotona.md\/ro\/\"},{\"@type\":\"ListItem\",\"position\":2,\"name\":\"StarFormer\u00ae TightWave\u00ae\"}]},{\"@type\":\"WebSite\",\"@id\":\"https:\/\/fotona.md\/ro\/#website\",\"url\":\"https:\/\/fotona.md\/ro\/\",\"name\":\"FOTONA \u0432 \u041c\u043e\u043b\u0434\u043e\u0432\u0435\",\"description\":\"\u0415\u0449\u0451 \u043e\u0434\u0438\u043d \u0441\u0430\u0439\u0442 \u043d\u0430 WordPress\",\"potentialAction\":[{\"@type\":\"SearchAction\",\"target\":{\"@type\":\"EntryPoint\",\"urlTemplate\":\"https:\/\/fotona.md\/ro\/?s={search_term_string}\"},\"query-input\":\"required name=search_term_string\"}],\"inLanguage\":\"ro-RO\"}]}<\/script>\n<!-- \/ Yoast SEO plugin. -->","yoast_head_json":{"title":"StarFormer\u00ae TightWave\u00ae | Fotona","robots":{"index":"index","follow":"follow","max-snippet":"max-snippet:-1","max-image-preview":"max-image-preview:large","max-video-preview":"max-video-preview:-1"},"canonical":"https:\/\/fotona.md\/ro\/starformer-tightwave\/","og_locale":"ro_RO","og_type":"article","og_title":"StarFormer\u00ae TightWave\u00ae | Fotona","og_description":"StarFormer\u00ae TightWave\u00ae Sculptur\u0103 magnetic\u0103 a corpului StarFormer\u00ae este un dispozitiv de stimulare magnetic\u0103 Tesla de \u00eenalt\u0103 intensitate (HITS\u2122) , care permite \u00eent\u0103rirea \u0219i tonifierea muscular\u0103 f\u0103r\u0103 efort. Tratamentul StarFormer\u00ae TightWave\u00ae folose\u0219te tehnologia non-invaziv\u0103 HITS\u2122 pentru o ac\u021biune selectiv\u0103 asupra \u021besuturilor musculare \u0219i asigur\u0103 tonifierea \u0219i \u00eent\u0103rirea mu\u0219chilor \u00een diferite zone ale corpului: muschii fesieri mu\u0219chii [&hellip;]","og_url":"https:\/\/fotona.md\/ro\/starformer-tightwave\/","og_site_name":"Fotona","article_modified_time":"2022-12-23T11:20:41+00:00","og_image":[{"url":"https:\/\/fotona.md\/wp-content\/uploads\/2022\/12\/starformer_banner_2.jpg"}],"twitter_card":"summary_large_image","twitter_misc":{"Timp estimat pentru citire":"1 minut"},"schema":{"@context":"https:\/\/schema.org","@graph":[{"@type":"WebPage","@id":"https:\/\/fotona.md\/ro\/starformer-tightwave\/","url":"https:\/\/fotona.md\/ro\/starformer-tightwave\/","name":"StarFormer\u00ae TightWave\u00ae | Fotona","isPartOf":{"@id":"https:\/\/fotona.md\/ro\/#website"},"datePublished":"2022-12-07T07:47:37+00:00","dateModified":"2022-12-23T11:20:41+00:00","breadcrumb":{"@id":"https:\/\/fotona.md\/ro\/starformer-tightwave\/#breadcrumb"},"inLanguage":"ro-RO","potentialAction":[{"@type":"ReadAction","target":["https:\/\/fotona.md\/ro\/starformer-tightwave\/"]}]},{"@type":"BreadcrumbList","@id":"https:\/\/fotona.md\/ro\/starformer-tightwave\/#breadcrumb","itemListElement":[{"@type":"ListItem","position":1,"name":"\u0413\u043b\u0430\u0432\u043d\u0430\u044f \u0441\u0442\u0440\u0430\u043d\u0438\u0446\u0430","item":"https:\/\/fotona.md\/ro\/"},{"@type":"ListItem","position":2,"name":"StarFormer\u00ae TightWave\u00ae"}]},{"@type":"WebSite","@id":"https:\/\/fotona.md\/ro\/#website","url":"https:\/\/fotona.md\/ro\/","name":"FOTONA \u0432 \u041c\u043e\u043b\u0434\u043e\u0432\u0435","description":"\u0415\u0449\u0451 \u043e\u0434\u0438\u043d \u0441\u0430\u0439\u0442 \u043d\u0430 WordPress","potentialAction":[{"@type":"SearchAction","target":{"@type":"EntryPoint","urlTemplate":"https:\/\/fotona.md\/ro\/?s={search_term_string}"},"query-input":"required name=search_term_string"}],"inLanguage":"ro-RO"}]}},"_links":{"self":[{"href":"https:\/\/fotona.md\/ro\/wp-json\/wp\/v2\/pages\/1730","targetHints":{"allow":["GET"]}}],"collection":[{"href":"https:\/\/fotona.md\/ro\/wp-json\/wp\/v2\/pages"}],"about":[{"href":"https:\/\/fotona.md\/ro\/wp-json\/wp\/v2\/types\/page"}],"author":[{"embeddable":true,"href":"https:\/\/fotona.md\/ro\/wp-json\/wp\/v2\/users\/1"}],"replies":[{"embeddable":true,"href":"https:\/\/fotona.md\/ro\/wp-json\/wp\/v2\/comments?post=1730"}],"version-history":[{"count":1,"href":"https:\/\/fotona.md\/ro\/wp-json\/wp\/v2\/pages\/1730\/revisions"}],"predecessor-version":[{"id":1731,"href":"https:\/\/fotona.md\/ro\/wp-json\/wp\/v2\/pages\/1730\/revisions\/1731"}],"wp:attachment":[{"href":"https:\/\/fotona.md\/ro\/wp-json\/wp\/v2\/media?parent=1730"}],"curies":[{"name":"wp","href":"https:\/\/api.w.org\/{rel}","templated":true}]}}