{"id":1757,"date":"2022-12-07T12:16:31","date_gmt":"2022-12-07T09:16:31","guid":{"rendered":"https:\/\/fotona.md\/starwalker-pqx\/"},"modified":"2022-12-23T16:10:21","modified_gmt":"2022-12-23T13:10:21","slug":"starwalker-pqx","status":"publish","type":"page","link":"https:\/\/fotona.md\/ro\/starwalker-pqx\/","title":{"rendered":"StarWalker\u00ae PQX"},"content":{"rendered":"\t\t<div data-elementor-type=\"wp-page\" data-elementor-id=\"1757\" class=\"elementor elementor-1757 elementor-630\">\n\t\t\t\t\t\t\t\t\t<section class=\"elementor-section elementor-top-section elementor-element elementor-element-22e1319 elementor-section-full_width elementor-section-content-middle elementor-section-height-default elementor-section-height-default\" data-id=\"22e1319\" data-element_type=\"section\">\n\t\t\t\t\t\t<div class=\"elementor-container elementor-column-gap-default\">\n\t\t\t\t\t<div class=\"elementor-column elementor-col-50 elementor-top-column elementor-element elementor-element-255a189 elementor-invisible\" data-id=\"255a189\" data-element_type=\"column\" data-settings=\"{&quot;background_background&quot;:&quot;classic&quot;,&quot;animation&quot;:&quot;fadeInLeft&quot;}\">\n\t\t\t<div class=\"elementor-widget-wrap elementor-element-populated\">\n\t\t\t\t\t\t\t\t<div class=\"elementor-element elementor-element-f1aa398 elementor-hidden-desktop elementor-widget elementor-widget-image\" data-id=\"f1aa398\" data-element_type=\"widget\" data-settings=\"{&quot;_animation_tablet&quot;:&quot;fadeInLeft&quot;}\" data-widget_type=\"image.default\">\n\t\t\t\t<div class=\"elementor-widget-container\">\n\t\t\t<style>\/*! elementor - v3.9.2 - 21-12-2022 *\/\n.elementor-widget-image{text-align:center}.elementor-widget-image a{display:inline-block}.elementor-widget-image a img[src$=\".svg\"]{width:48px}.elementor-widget-image img{vertical-align:middle;display:inline-block}<\/style>\t\t\t\t\t\t\t\t\t\t\t\t<img loading=\"lazy\" decoding=\"async\" width=\"1920\" height=\"1356\" src=\"https:\/\/fotona.md\/wp-content\/uploads\/2022\/12\/banner_web_pqx_20_small.jpg\" class=\"attachment-full size-full wp-image-710\" alt=\"\" srcset=\"https:\/\/fotona.md\/wp-content\/uploads\/2022\/12\/banner_web_pqx_20_small.jpg 1920w, https:\/\/fotona.md\/wp-content\/uploads\/2022\/12\/banner_web_pqx_20_small-300x212.jpg 300w, https:\/\/fotona.md\/wp-content\/uploads\/2022\/12\/banner_web_pqx_20_small-1024x723.jpg 1024w, https:\/\/fotona.md\/wp-content\/uploads\/2022\/12\/banner_web_pqx_20_small-768x542.jpg 768w, https:\/\/fotona.md\/wp-content\/uploads\/2022\/12\/banner_web_pqx_20_small-1536x1085.jpg 1536w\" sizes=\"auto, (max-width: 1920px) 100vw, 1920px\" \/>\t\t\t\t\t\t\t\t\t\t\t\t\t\t\t<\/div>\n\t\t\t\t<\/div>\n\t\t\t\t\t<\/div>\n\t\t<\/div>\n\t\t\t\t<div class=\"elementor-column elementor-col-50 elementor-top-column elementor-element elementor-element-24af094 elementor-invisible\" data-id=\"24af094\" data-element_type=\"column\" data-settings=\"{&quot;animation&quot;:&quot;fadeInRight&quot;}\">\n\t\t\t<div class=\"elementor-widget-wrap elementor-element-populated\">\n\t\t\t\t\t\t\t\t<div class=\"elementor-element elementor-element-2c4ecd3 elementor-widget elementor-widget-heading\" data-id=\"2c4ecd3\" data-element_type=\"widget\" data-widget_type=\"heading.default\">\n\t\t\t\t<div class=\"elementor-widget-container\">\n\t\t\t<style>\/*! elementor - v3.9.2 - 21-12-2022 *\/\n.elementor-heading-title{padding:0;margin:0;line-height:1}.elementor-widget-heading .elementor-heading-title[class*=elementor-size-]>a{color:inherit;font-size:inherit;line-height:inherit}.elementor-widget-heading .elementor-heading-title.elementor-size-small{font-size:15px}.elementor-widget-heading .elementor-heading-title.elementor-size-medium{font-size:19px}.elementor-widget-heading .elementor-heading-title.elementor-size-large{font-size:29px}.elementor-widget-heading .elementor-heading-title.elementor-size-xl{font-size:39px}.elementor-widget-heading .elementor-heading-title.elementor-size-xxl{font-size:59px}<\/style><h2 class=\"elementor-heading-title elementor-size-default\">StarWalker\u00ae PQX<\/h2>\t\t<\/div>\n\t\t\t\t<\/div>\n\t\t\t\t<div class=\"elementor-element elementor-element-32ed1c0 elementor-widget elementor-widget-heading\" data-id=\"32ed1c0\" data-element_type=\"widget\" data-widget_type=\"heading.default\">\n\t\t\t\t<div class=\"elementor-widget-container\">\n\t\t\t<h3 class=\"elementor-heading-title elementor-size-default\">Sistem Laser Pico Ultraperformant<\/h3>\t\t<\/div>\n\t\t\t\t<\/div>\n\t\t\t\t<div class=\"elementor-element elementor-element-3bd099a elementor-widget elementor-widget-text-editor\" data-id=\"3bd099a\" data-element_type=\"widget\" data-widget_type=\"text-editor.default\">\n\t\t\t\t<div class=\"elementor-widget-container\">\n\t\t\t<style>\/*! elementor - v3.9.2 - 21-12-2022 *\/\n.elementor-widget-text-editor.elementor-drop-cap-view-stacked .elementor-drop-cap{background-color:#818a91;color:#fff}.elementor-widget-text-editor.elementor-drop-cap-view-framed .elementor-drop-cap{color:#818a91;border:3px solid;background-color:transparent}.elementor-widget-text-editor:not(.elementor-drop-cap-view-default) .elementor-drop-cap{margin-top:8px}.elementor-widget-text-editor:not(.elementor-drop-cap-view-default) .elementor-drop-cap-letter{width:1em;height:1em}.elementor-widget-text-editor .elementor-drop-cap{float:left;text-align:center;line-height:1;font-size:50px}.elementor-widget-text-editor .elementor-drop-cap-letter{display:inline-block}<\/style>\t\t\t\t<p>Tehnologia laser de Picosecunde este instrumentul ideal pentru \u00eendep\u0103rtarea eficient\u0103 a pigmentului pielii f\u0103r\u0103 a afecta \u021besuturile din jur \u0219i f\u0103r\u0103 efecte secundare nedorite. Impulsurile laser de picosecunde produc remodelarea pielii \u00eentr-un mod fotoacustic, complet non-termic, ceea ce \u00eel face o aplica\u021bie foarte sigur\u0103 pentru toate tipurile de piele.<\/p>\n<p><strong>Oferirea de tratamente sigure, eficiente \u0219i prietenoase pentru pacien\u021bi<\/strong><\/p>\n<p>Cu un singur dispozitiv, medicii pot oferi o gam\u0103 larg\u0103 de proceduri de tratament \u00een mod sigur \u0219i eficient:<\/p>\n<ul>\n<li>\u00cendep\u0103rtarea leziunilor pigmentare<\/li>\n<li>\u00centinerirea pielii<\/li>\n<li>Tonifierea pieli<\/li>\n<li>Tratamentul cicatricilor post-acnee \u0219i revizuirea cicatricilor post-traumatice<\/li>\n<li>\u00cendep\u0103rtarea tatuajelor negre \u0219i colorate.<\/li>\n<\/ul>\n\t\t\t\t\t\t<\/div>\n\t\t\t\t<\/div>\n\t\t\t\t<div class=\"elementor-element elementor-element-8ef45e7 elementor-widget__width-auto elementor-mobile-align-center elementor-widget-mobile__width-inherit elementor-invisible elementor-widget elementor-widget-button\" data-id=\"8ef45e7\" data-element_type=\"widget\" data-settings=\"{&quot;_animation&quot;:&quot;fadeInUp&quot;,&quot;_animation_delay&quot;:600}\" data-widget_type=\"button.default\">\n\t\t\t\t<div class=\"elementor-widget-container\">\n\t\t\t\t\t<div class=\"elementor-button-wrapper\">\n\t\t\t<a href=\"https:\/\/fotona.md\/wp-content\/uploads\/2022\/12\/brochure_fotona_starwalker_maqx.pdf\" target=\"_blank\" rel=\"nofollow\" class=\"elementor-button-link elementor-button elementor-size-lg\" role=\"button\">\n\t\t\t\t\t\t<span class=\"elementor-button-content-wrapper\">\n\t\t\t\t\t\t\t<span class=\"elementor-button-icon elementor-align-icon-left\">\n\t\t\t\t<i aria-hidden=\"true\" class=\"far fa-file-pdf\"><\/i>\t\t\t<\/span>\n\t\t\t\t\t\t<span class=\"elementor-button-text\">Desc\u0103rca\u021bi bro\u0219ura<\/span>\n\t\t<\/span>\n\t\t\t\t\t<\/a>\n\t\t<\/div>\n\t\t\t\t<\/div>\n\t\t\t\t<\/div>\n\t\t\t\t\t<\/div>\n\t\t<\/div>\n\t\t\t\t\t\t\t<\/div>\n\t\t<\/section>\n\t\t\t\t<section class=\"elementor-section elementor-top-section elementor-element elementor-element-5fe509d elementor-section-boxed elementor-section-height-default elementor-section-height-default elementor-invisible\" data-id=\"5fe509d\" data-element_type=\"section\" data-settings=\"{&quot;animation&quot;:&quot;fadeInUp&quot;}\">\n\t\t\t\t\t\t<div class=\"elementor-container elementor-column-gap-default\">\n\t\t\t\t\t<div class=\"elementor-column elementor-col-100 elementor-top-column elementor-element elementor-element-bbf77e2\" data-id=\"bbf77e2\" data-element_type=\"column\" data-settings=\"{&quot;background_background&quot;:&quot;classic&quot;}\">\n\t\t\t<div class=\"elementor-widget-wrap elementor-element-populated\">\n\t\t\t\t\t\t\t\t<div class=\"elementor-element elementor-element-699e81b elementor-aspect-ratio-169 elementor-widget elementor-widget-video\" data-id=\"699e81b\" data-element_type=\"widget\" data-settings=\"{&quot;youtube_url&quot;:&quot;https:\\\/\\\/www.youtube.com\\\/watch?v=fGr2JdORU-Q&quot;,&quot;video_type&quot;:&quot;youtube&quot;,&quot;controls&quot;:&quot;yes&quot;,&quot;aspect_ratio&quot;:&quot;169&quot;}\" data-widget_type=\"video.default\">\n\t\t\t\t<div class=\"elementor-widget-container\">\n\t\t\t<style>\/*! elementor - v3.9.2 - 21-12-2022 *\/\n.elementor-widget-video .elementor-widget-container{overflow:hidden;transform:translateZ(0)}.elementor-widget-video .elementor-open-inline .elementor-custom-embed-image-overlay{position:absolute;top:0;left:0;width:100%;height:100%;background-size:cover;background-position:50%}.elementor-widget-video .elementor-custom-embed-image-overlay{cursor:pointer;text-align:center}.elementor-widget-video .elementor-custom-embed-image-overlay:hover .elementor-custom-embed-play i{opacity:1}.elementor-widget-video .elementor-custom-embed-image-overlay img{display:block;width:100%}.elementor-widget-video .e-hosted-video .elementor-video{-o-object-fit:cover;object-fit:cover}.e-con-inner>.elementor-widget-video,.e-con>.elementor-widget-video{width:var(--container-widget-width);--flex-grow:var(--container-widget-flex-grow)}<\/style>\t\t<div class=\"elementor-wrapper elementor-fit-aspect-ratio elementor-open-inline\">\n\t\t\t<div class=\"elementor-video\"><\/div>\t\t<\/div>\n\t\t\t\t<\/div>\n\t\t\t\t<\/div>\n\t\t\t\t<div class=\"elementor-element elementor-element-c2549cc elementor-widget elementor-widget-text-editor\" data-id=\"c2549cc\" data-element_type=\"widget\" data-widget_type=\"text-editor.default\">\n\t\t\t\t<div class=\"elementor-widget-container\">\n\t\t\t\t\t\t\t<h3>\u041fDe ce StarWalker\u00ae PQX?<\/h3>\n<p>StarWalker\u00ae PQX este cea mai nou\u0103 completare a seriei de lasere StarWalker\u00ae de cea mai \u00eenalt\u0103 performan\u021b\u0103. Sistemul laser inovator StarWalker\u00ae PQX se distinge de concuren\u021bii s\u0103i prin oferirea a celei mai mari puteri \u0219i energie Pico, care fiind combinat\u0103 cu o gam\u0103 larg\u0103 de accesorii sofisticate de ultima genera\u021bie, ofer\u0103 tratamente rapide \u0219i precise.<\/p>\n<p>Tehnologia avansat\u0103 a sistemului laser este potrivit\u0103 at\u00e2t pentru speciali\u0219tii \u00eencep\u0103tori, c\u00e2t \u0219i pentru medici experimenta\u021bi. Sistemul are o interfa\u021b\u0103 utilizator intuitiv\u0103, parametri de tratament prestabili\u021bi, ofer\u0103 un istoric integrat al procedurilor anterioare \u0219i o baz\u0103 de date a pacien\u021bilor.<\/p>\n<h3>Avantajele unice ale StarWalker\u00ae PQX<\/h3>\n<ul>\n<li>Cea mai mare energie \u0219i cea mai mare putere de v\u00e2rf pentru un tratament rapid \u0219i eficient<\/li>\n<li>Cea mai larg\u0103 selec\u021bie de dimensiuni \u0219i piese de m\u00e2n\u0103 (at\u00e2t cu v\u00e2rfuri complete, c\u00e2t \u0219i frac\u021bionate) pentru o utilizare vast\u0103 \u0219i un tratament efectiv<\/li>\n<li>Capacitatea unic\u0103 a FracTAT pentru \u00eendep\u0103rtarea tatuajelor, \u00eendep\u0103rtarea cicatricilor \u0219i \u00eentinerire<\/li>\n<li>Calitate superioar\u0103 al fasciculului, tehnologie ASP, autocalibrare online unic\u0103 (EFC) pentru siguran\u021b\u0103 \u0219i consecven\u021ba rezultatelor\n<\/li>\n<li>Ergonomie uimitoare a bra\u021bului (OptoFlex), dimensiuni \u0219i greutate reduse (55 x 29 x 82 cm; 68 kg), cerin\u021be minime de alimentare (110\/220 V, 16A) \u0219i func\u021bionare silen\u021bioas\u0103 pentru confortul medicului \u0219i eficien\u021b\u0103 energetic\u0103 maxim\u0103.<\/li>\n<\/ul>\n<div class=\"ec-wrap\">\n<div id=\"c-1\" class=\"expandable clearfix\">\n<h3>Tratamentul <strong>FracTAT<sup>\u00ae<\/sup><br \/>\n<\/strong><\/h3>\n<p><strong><img decoding=\"async\" src=\"https:\/\/www.fotona.com\/media\/documents\/aesthetics\/fractat_picture.jpg\" alt=\"\" \/><\/strong><\/p>\n<p>\u00cen timpul procedurii FracTAT brevetate de Fotona, mai \u00eent\u00e2i se fac micro g\u0103uri \u00een piele cu o pies\u0103 de m\u00e2n\u0103 cu laser ablativ frac\u021bionat. Microg\u0103urile frac\u021bionate ac\u021bioneaz\u0103 ca ni\u0219te canale de eliberare a presiunii prin care gazele pot ie\u0219i f\u0103r\u0103 a crea o presiune excesiv\u0103.<\/p>\n<p><strong>Tehnologie avansat\u0103 a piesei de m\u00e2n\u0103 pentru precizie \u0219i fiabilitate de neegalat<\/strong><\/p>\n<p>Tehnologia inovatoare a piesei de m\u00e2n\u0103 Fotona, dezvoltat\u0103 folosind materiale biocompatibile de cea mai \u00eenalt\u0103 calitate, cum ar fi aliajul de titan de calitate medical\u0103, optimizeaz\u0103 livrarea impulsurilor laser \u00een zona de tratament.<\/p>\n<p>Tehnologia StarWalker cu fascicul complet \u0219i cu piese de m\u00e2n\u0103 frac\u021bionate permite medicilor s\u0103 ofere solu\u021bii avansate pentru o gam\u0103 larg\u0103 de tratamente. Calitatea administr\u0103rii optice asigur\u0103 livrarea uniform\u0103 a energiei, ceea ce face ca tratamentele s\u0103 fie fiabile \u0219i reduce la minimum efectele secundare nedorite.<\/p>\n<p>Piesele de m\u00e2n\u0103 frac\u021bionate utilizeaz\u0103 un efect fotomecanic puternic pentru a crea re\u021bele bine focalizate cu o concentra\u021bie mare de energie, l\u0103s\u00e2nd \u00een acela\u0219i timp \u021besutul din jur neafectat de lumina laser. Cu ajutorul pieselor de m\u00e2n\u0103 frac\u021bionate Fotona pute\u021bi efectua at\u00e2t tratamente non-ablative pentru \u00eentinerire \u0219i tonifiere, c\u00e2t \u0219i tratamente ablative FracTat\u00ae unice pentru \u00eendep\u0103rtarea cicatricilor, \u00eentinerire \u0219i \u00eendep\u0103rtarea mai eficient\u0103 a tatuajelor.<\/p>\n<h4>Asisten\u021b\u0103 clien\u021bi Fotona<\/h4>\n<p>Noi, cei de la Fotona, credem c\u0103 cea mai bun\u0103 tehnologie trebuie s\u0103 fie dotat\u0103 cu un suport educa\u021bional \u0219i strategie de marketing bune. Astfel, utilizatorii Fotona laser, vor avea acces liber la idei \u0219i materiale, care vor contribui la promovarea afacerii \u0219i vor crea o pozi\u0163ie mai avantajoas\u0103 fa\u0163\u0103 de ceilal\u0163i concuren\u0163i pe pia\u0163a respectiv\u0103.<\/p>\n<p>Seminariile noastre pentru practicieni, organizate \u00een colaborare cu Laser and Health Academy, vor oferi r\u0103spuns la toate \u00eentreb\u0103rile pe care le ave\u021bi. Exper\u021bii clinici interna\u021bionali vor oferi o demonstra\u021bie practic\u0103 a laserelor noastre.<\/p>\n<p>Cu Fotona beneficia\u021bi de un pachet complet de servicii.\n<\/p><\/div>\n<\/div>\n\t\t\t\t\t\t<\/div>\n\t\t\t\t<\/div>\n\t\t\t\t<div class=\"elementor-element elementor-element-ec15b8e elementor-mobile-align-center elementor-widget-mobile__width-inherit elementor-align-center elementor-invisible elementor-widget elementor-widget-button\" data-id=\"ec15b8e\" data-element_type=\"widget\" data-settings=\"{&quot;_animation&quot;:&quot;fadeInUp&quot;,&quot;_animation_delay&quot;:600}\" data-widget_type=\"button.default\">\n\t\t\t\t<div class=\"elementor-widget-container\">\n\t\t\t\t\t<div class=\"elementor-button-wrapper\">\n\t\t\t<a href=\"#elementor-action%3Aaction%3Dpopup%3Aopen%26settings%3DeyJpZCI6MTU5OSwidG9nZ2xlIjpmYWxzZX0%3D\" class=\"elementor-button-link elementor-button elementor-size-xl elementor-animation-float\" role=\"button\">\n\t\t\t\t\t\t<span class=\"elementor-button-content-wrapper\">\n\t\t\t\t\t\t<span class=\"elementor-button-text\">Comanda\u021bi StarWalker\u00ae PQX<\/span>\n\t\t<\/span>\n\t\t\t\t\t<\/a>\n\t\t<\/div>\n\t\t\t\t<\/div>\n\t\t\t\t<\/div>\n\t\t\t\t\t<\/div>\n\t\t<\/div>\n\t\t\t\t\t\t\t<\/div>\n\t\t<\/section>\n\t\t\t\t\t\t\t<\/div>\n\t\t","protected":false},"excerpt":{"rendered":"<p>StarWalker\u00ae PQX Sistem Laser Pico Ultraperformant Tehnologia laser de Picosecunde este instrumentul ideal pentru \u00eendep\u0103rtarea eficient\u0103 a pigmentului pielii f\u0103r\u0103 a afecta \u021besuturile din jur \u0219i f\u0103r\u0103 efecte secundare nedorite. Impulsurile laser de picosecunde produc remodelarea pielii \u00eentr-un mod fotoacustic, complet non-termic, ceea ce \u00eel face o aplica\u021bie foarte sigur\u0103 pentru toate tipurile de piele. [&hellip;]<\/p>\n","protected":false},"author":1,"featured_media":0,"parent":0,"menu_order":0,"comment_status":"closed","ping_status":"closed","template":"elementor_header_footer","meta":{"footnotes":""},"class_list":["post-1757","page","type-page","status-publish","hentry"],"yoast_head":"<!-- This site is optimized with the Yoast SEO plugin v20.7 - https:\/\/yoast.com\/wordpress\/plugins\/seo\/ -->\n<title>StarWalker\u00ae PQX | Fotona<\/title>\n<meta name=\"robots\" content=\"index, follow, max-snippet:-1, max-image-preview:large, max-video-preview:-1\" \/>\n<link rel=\"canonical\" href=\"https:\/\/fotona.md\/ro\/starwalker-pqx\/\" \/>\n<meta property=\"og:locale\" content=\"ro_RO\" \/>\n<meta property=\"og:type\" content=\"article\" \/>\n<meta property=\"og:title\" content=\"StarWalker\u00ae PQX | Fotona\" \/>\n<meta property=\"og:description\" content=\"StarWalker\u00ae PQX Sistem Laser Pico Ultraperformant Tehnologia laser de Picosecunde este instrumentul ideal pentru \u00eendep\u0103rtarea eficient\u0103 a pigmentului pielii f\u0103r\u0103 a afecta \u021besuturile din jur \u0219i f\u0103r\u0103 efecte secundare nedorite. Impulsurile laser de picosecunde produc remodelarea pielii \u00eentr-un mod fotoacustic, complet non-termic, ceea ce \u00eel face o aplica\u021bie foarte sigur\u0103 pentru toate tipurile de piele. [&hellip;]\" \/>\n<meta property=\"og:url\" content=\"https:\/\/fotona.md\/ro\/starwalker-pqx\/\" \/>\n<meta property=\"og:site_name\" content=\"Fotona\" \/>\n<meta property=\"article:modified_time\" content=\"2022-12-23T13:10:21+00:00\" \/>\n<meta property=\"og:image\" content=\"https:\/\/fotona.md\/wp-content\/uploads\/2022\/12\/banner_web_pqx_20_small.jpg\" \/>\n<meta name=\"twitter:card\" content=\"summary_large_image\" \/>\n<meta name=\"twitter:label1\" content=\"Timp estimat pentru citire\" \/>\n\t<meta name=\"twitter:data1\" content=\"3 minute\" \/>\n<script type=\"application\/ld+json\" class=\"yoast-schema-graph\">{\"@context\":\"https:\/\/schema.org\",\"@graph\":[{\"@type\":\"WebPage\",\"@id\":\"https:\/\/fotona.md\/ro\/starwalker-pqx\/\",\"url\":\"https:\/\/fotona.md\/ro\/starwalker-pqx\/\",\"name\":\"StarWalker\u00ae PQX | Fotona\",\"isPartOf\":{\"@id\":\"https:\/\/fotona.md\/ro\/#website\"},\"datePublished\":\"2022-12-07T09:16:31+00:00\",\"dateModified\":\"2022-12-23T13:10:21+00:00\",\"breadcrumb\":{\"@id\":\"https:\/\/fotona.md\/ro\/starwalker-pqx\/#breadcrumb\"},\"inLanguage\":\"ro-RO\",\"potentialAction\":[{\"@type\":\"ReadAction\",\"target\":[\"https:\/\/fotona.md\/ro\/starwalker-pqx\/\"]}]},{\"@type\":\"BreadcrumbList\",\"@id\":\"https:\/\/fotona.md\/ro\/starwalker-pqx\/#breadcrumb\",\"itemListElement\":[{\"@type\":\"ListItem\",\"position\":1,\"name\":\"\u0413\u043b\u0430\u0432\u043d\u0430\u044f \u0441\u0442\u0440\u0430\u043d\u0438\u0446\u0430\",\"item\":\"https:\/\/fotona.md\/ro\/\"},{\"@type\":\"ListItem\",\"position\":2,\"name\":\"StarWalker\u00ae PQX\"}]},{\"@type\":\"WebSite\",\"@id\":\"https:\/\/fotona.md\/ro\/#website\",\"url\":\"https:\/\/fotona.md\/ro\/\",\"name\":\"FOTONA \u0432 \u041c\u043e\u043b\u0434\u043e\u0432\u0435\",\"description\":\"\u0415\u0449\u0451 \u043e\u0434\u0438\u043d \u0441\u0430\u0439\u0442 \u043d\u0430 WordPress\",\"potentialAction\":[{\"@type\":\"SearchAction\",\"target\":{\"@type\":\"EntryPoint\",\"urlTemplate\":\"https:\/\/fotona.md\/ro\/?s={search_term_string}\"},\"query-input\":\"required name=search_term_string\"}],\"inLanguage\":\"ro-RO\"}]}<\/script>\n<!-- \/ Yoast SEO plugin. -->","yoast_head_json":{"title":"StarWalker\u00ae PQX | Fotona","robots":{"index":"index","follow":"follow","max-snippet":"max-snippet:-1","max-image-preview":"max-image-preview:large","max-video-preview":"max-video-preview:-1"},"canonical":"https:\/\/fotona.md\/ro\/starwalker-pqx\/","og_locale":"ro_RO","og_type":"article","og_title":"StarWalker\u00ae PQX | Fotona","og_description":"StarWalker\u00ae PQX Sistem Laser Pico Ultraperformant Tehnologia laser de Picosecunde este instrumentul ideal pentru \u00eendep\u0103rtarea eficient\u0103 a pigmentului pielii f\u0103r\u0103 a afecta \u021besuturile din jur \u0219i f\u0103r\u0103 efecte secundare nedorite. Impulsurile laser de picosecunde produc remodelarea pielii \u00eentr-un mod fotoacustic, complet non-termic, ceea ce \u00eel face o aplica\u021bie foarte sigur\u0103 pentru toate tipurile de piele. [&hellip;]","og_url":"https:\/\/fotona.md\/ro\/starwalker-pqx\/","og_site_name":"Fotona","article_modified_time":"2022-12-23T13:10:21+00:00","og_image":[{"url":"https:\/\/fotona.md\/wp-content\/uploads\/2022\/12\/banner_web_pqx_20_small.jpg"}],"twitter_card":"summary_large_image","twitter_misc":{"Timp estimat pentru citire":"3 minute"},"schema":{"@context":"https:\/\/schema.org","@graph":[{"@type":"WebPage","@id":"https:\/\/fotona.md\/ro\/starwalker-pqx\/","url":"https:\/\/fotona.md\/ro\/starwalker-pqx\/","name":"StarWalker\u00ae PQX | Fotona","isPartOf":{"@id":"https:\/\/fotona.md\/ro\/#website"},"datePublished":"2022-12-07T09:16:31+00:00","dateModified":"2022-12-23T13:10:21+00:00","breadcrumb":{"@id":"https:\/\/fotona.md\/ro\/starwalker-pqx\/#breadcrumb"},"inLanguage":"ro-RO","potentialAction":[{"@type":"ReadAction","target":["https:\/\/fotona.md\/ro\/starwalker-pqx\/"]}]},{"@type":"BreadcrumbList","@id":"https:\/\/fotona.md\/ro\/starwalker-pqx\/#breadcrumb","itemListElement":[{"@type":"ListItem","position":1,"name":"\u0413\u043b\u0430\u0432\u043d\u0430\u044f \u0441\u0442\u0440\u0430\u043d\u0438\u0446\u0430","item":"https:\/\/fotona.md\/ro\/"},{"@type":"ListItem","position":2,"name":"StarWalker\u00ae PQX"}]},{"@type":"WebSite","@id":"https:\/\/fotona.md\/ro\/#website","url":"https:\/\/fotona.md\/ro\/","name":"FOTONA \u0432 \u041c\u043e\u043b\u0434\u043e\u0432\u0435","description":"\u0415\u0449\u0451 \u043e\u0434\u0438\u043d \u0441\u0430\u0439\u0442 \u043d\u0430 WordPress","potentialAction":[{"@type":"SearchAction","target":{"@type":"EntryPoint","urlTemplate":"https:\/\/fotona.md\/ro\/?s={search_term_string}"},"query-input":"required name=search_term_string"}],"inLanguage":"ro-RO"}]}},"_links":{"self":[{"href":"https:\/\/fotona.md\/ro\/wp-json\/wp\/v2\/pages\/1757","targetHints":{"allow":["GET"]}}],"collection":[{"href":"https:\/\/fotona.md\/ro\/wp-json\/wp\/v2\/pages"}],"about":[{"href":"https:\/\/fotona.md\/ro\/wp-json\/wp\/v2\/types\/page"}],"author":[{"embeddable":true,"href":"https:\/\/fotona.md\/ro\/wp-json\/wp\/v2\/users\/1"}],"replies":[{"embeddable":true,"href":"https:\/\/fotona.md\/ro\/wp-json\/wp\/v2\/comments?post=1757"}],"version-history":[{"count":1,"href":"https:\/\/fotona.md\/ro\/wp-json\/wp\/v2\/pages\/1757\/revisions"}],"predecessor-version":[{"id":1758,"href":"https:\/\/fotona.md\/ro\/wp-json\/wp\/v2\/pages\/1757\/revisions\/1758"}],"wp:attachment":[{"href":"https:\/\/fotona.md\/ro\/wp-json\/wp\/v2\/media?parent=1757"}],"curies":[{"name":"wp","href":"https:\/\/api.w.org\/{rel}","templated":true}]}}