{"id":1826,"date":"2022-12-07T11:17:47","date_gmt":"2022-12-07T08:17:47","guid":{"rendered":"https:\/\/fotona.md\/timewalker-intimalaser\/"},"modified":"2022-12-23T17:31:11","modified_gmt":"2022-12-23T14:31:11","slug":"timewalker-intimalaser","status":"publish","type":"page","link":"https:\/\/fotona.md\/ro\/timewalker-intimalaser\/","title":{"rendered":"TimeWalker\u00ae IntimaLaser\u2122"},"content":{"rendered":"\t\t<div data-elementor-type=\"wp-page\" data-elementor-id=\"1826\" class=\"elementor elementor-1826 elementor-587\">\n\t\t\t\t\t\t\t\t\t<section class=\"elementor-section elementor-top-section elementor-element elementor-element-6a89a6e elementor-section-full_width elementor-section-content-middle elementor-section-height-default elementor-section-height-default\" data-id=\"6a89a6e\" data-element_type=\"section\">\n\t\t\t\t\t\t<div class=\"elementor-container elementor-column-gap-default\">\n\t\t\t\t\t<div class=\"elementor-column elementor-col-50 elementor-top-column elementor-element elementor-element-b56654b elementor-invisible\" data-id=\"b56654b\" data-element_type=\"column\" data-settings=\"{&quot;background_background&quot;:&quot;classic&quot;,&quot;animation&quot;:&quot;fadeInLeft&quot;}\">\n\t\t\t<div class=\"elementor-widget-wrap elementor-element-populated\">\n\t\t\t\t\t\t\t\t<div class=\"elementor-element elementor-element-baf7208 elementor-hidden-desktop elementor-widget elementor-widget-image\" data-id=\"baf7208\" data-element_type=\"widget\" data-settings=\"{&quot;_animation_tablet&quot;:&quot;fadeInLeft&quot;}\" data-widget_type=\"image.default\">\n\t\t\t\t<div class=\"elementor-widget-container\">\n\t\t\t<style>\/*! elementor - v3.9.2 - 21-12-2022 *\/\n.elementor-widget-image{text-align:center}.elementor-widget-image a{display:inline-block}.elementor-widget-image a img[src$=\".svg\"]{width:48px}.elementor-widget-image img{vertical-align:middle;display:inline-block}<\/style>\t\t\t\t\t\t\t\t\t\t\t\t<img loading=\"lazy\" decoding=\"async\" width=\"1800\" height=\"1069\" src=\"https:\/\/fotona.md\/wp-content\/uploads\/2022\/12\/timewalker_intimalaser_banner_21_web.jpg\" class=\"attachment-full size-full wp-image-706\" alt=\"\" srcset=\"https:\/\/fotona.md\/wp-content\/uploads\/2022\/12\/timewalker_intimalaser_banner_21_web.jpg 1800w, https:\/\/fotona.md\/wp-content\/uploads\/2022\/12\/timewalker_intimalaser_banner_21_web-300x178.jpg 300w, https:\/\/fotona.md\/wp-content\/uploads\/2022\/12\/timewalker_intimalaser_banner_21_web-1024x608.jpg 1024w, https:\/\/fotona.md\/wp-content\/uploads\/2022\/12\/timewalker_intimalaser_banner_21_web-768x456.jpg 768w, https:\/\/fotona.md\/wp-content\/uploads\/2022\/12\/timewalker_intimalaser_banner_21_web-1536x912.jpg 1536w\" sizes=\"auto, (max-width: 1800px) 100vw, 1800px\" \/>\t\t\t\t\t\t\t\t\t\t\t\t\t\t\t<\/div>\n\t\t\t\t<\/div>\n\t\t\t\t\t<\/div>\n\t\t<\/div>\n\t\t\t\t<div class=\"elementor-column elementor-col-50 elementor-top-column elementor-element elementor-element-9fe91d5 elementor-invisible\" data-id=\"9fe91d5\" data-element_type=\"column\" data-settings=\"{&quot;animation&quot;:&quot;fadeInRight&quot;}\">\n\t\t\t<div class=\"elementor-widget-wrap elementor-element-populated\">\n\t\t\t\t\t\t\t\t<div class=\"elementor-element elementor-element-a53993e elementor-widget elementor-widget-heading\" data-id=\"a53993e\" data-element_type=\"widget\" data-widget_type=\"heading.default\">\n\t\t\t\t<div class=\"elementor-widget-container\">\n\t\t\t<style>\/*! elementor - v3.9.2 - 21-12-2022 *\/\n.elementor-heading-title{padding:0;margin:0;line-height:1}.elementor-widget-heading .elementor-heading-title[class*=elementor-size-]>a{color:inherit;font-size:inherit;line-height:inherit}.elementor-widget-heading .elementor-heading-title.elementor-size-small{font-size:15px}.elementor-widget-heading .elementor-heading-title.elementor-size-medium{font-size:19px}.elementor-widget-heading .elementor-heading-title.elementor-size-large{font-size:29px}.elementor-widget-heading .elementor-heading-title.elementor-size-xl{font-size:39px}.elementor-widget-heading .elementor-heading-title.elementor-size-xxl{font-size:59px}<\/style><h2 class=\"elementor-heading-title elementor-size-default\">TimeWalker\u00ae IntimaLaser\u2122<\/h2>\t\t<\/div>\n\t\t\t\t<\/div>\n\t\t\t\t<div class=\"elementor-element elementor-element-b18ed6e elementor-widget elementor-widget-heading\" data-id=\"b18ed6e\" data-element_type=\"widget\" data-widget_type=\"heading.default\">\n\t\t\t\t<div class=\"elementor-widget-container\">\n\t\t\t<h3 class=\"elementor-heading-title elementor-size-default\">Laser special conceput pentru proceduri ginecologice<\/h3>\t\t<\/div>\n\t\t\t\t<\/div>\n\t\t\t\t<div class=\"elementor-element elementor-element-7357043 elementor-widget elementor-widget-text-editor\" data-id=\"7357043\" data-element_type=\"widget\" data-widget_type=\"text-editor.default\">\n\t\t\t\t<div class=\"elementor-widget-container\">\n\t\t\t<style>\/*! elementor - v3.9.2 - 21-12-2022 *\/\n.elementor-widget-text-editor.elementor-drop-cap-view-stacked .elementor-drop-cap{background-color:#818a91;color:#fff}.elementor-widget-text-editor.elementor-drop-cap-view-framed .elementor-drop-cap{color:#818a91;border:3px solid;background-color:transparent}.elementor-widget-text-editor:not(.elementor-drop-cap-view-default) .elementor-drop-cap{margin-top:8px}.elementor-widget-text-editor:not(.elementor-drop-cap-view-default) .elementor-drop-cap-letter{width:1em;height:1em}.elementor-widget-text-editor .elementor-drop-cap{float:left;text-align:center;line-height:1;font-size:50px}.elementor-widget-text-editor .elementor-drop-cap-letter{display:inline-block}<\/style>\t\t\t\t<p><strong>TimeWalker\u00ae IntimaLaser\u2122<\/strong> este o platform\u0103 laser nou\u0103 \u0219i unic\u0103, dedicat\u0103 procedurilor ginecologice. Cu dou\u0103 lungimi de und\u0103 laser complementare (Er:YAG \u0219i Nd:YAG), se ob\u021bine o versatilitate excep\u021bional\u0103 &#8211; de la procedurile non-ablative Fotona SMOOTH\u00ae \u0219i proceduri ablative bl\u00e2nde la proceduri termice non-ablative. Solu\u021bii sigure, testate \u0219i dovedite sunt disponibile pentru o gam\u0103 larg\u0103 de aplica\u021bii ginecologice: de la tratamentul neinvaziv al tulbur\u0103rilor de static\u0103 pelvian\u0103 p\u00e2n\u0103 la \u00eendep\u0103rtarea simpl\u0103 a leziunilor f\u0103r\u0103 s\u00e2ngrare.<\/p>\n<p>TimeWalker\u00ae IntimaLaser\u2122 este, de asemenea, un dispozitiv ideal pentru efectuarea procedurilor ginecologice revolu\u021bionare neinvazive creat de compania Fotona. Printre tratamentele brevetate \u0219i evaluate clinic pentru tulbur\u0103rile de statica pelvian\u0103 se enumer\u0103:<\/p>\n<ul>\n<li><strong>IncontiLase\u00ae<\/strong> &#8211; pentru tratamentul incontinen\u021bei urinare de stres<\/li>\n<li><strong>IntimaLase\u00ae<\/strong> &#8211; pentru tratamentul sindromului de relaxare vaginal\u0103<\/li>\n<li><strong>RenovaLase\u00ae<\/strong> &#8211; pentru tratamentul atrofiei vaginale \/ GSM<\/li>\n<li><strong>ProlapLase\u00ae<\/strong> &#8211; pentru tratamentul prolapsului organelor pelvine.<\/li>\n<\/ul>\n\t\t\t\t\t\t<\/div>\n\t\t\t\t<\/div>\n\t\t\t\t<div class=\"elementor-element elementor-element-26803fc elementor-widget__width-auto elementor-mobile-align-center elementor-widget-mobile__width-inherit elementor-invisible elementor-widget elementor-widget-button\" data-id=\"26803fc\" data-element_type=\"widget\" data-settings=\"{&quot;_animation&quot;:&quot;fadeInUp&quot;,&quot;_animation_delay&quot;:600}\" data-widget_type=\"button.default\">\n\t\t\t\t<div class=\"elementor-widget-container\">\n\t\t\t\t\t<div class=\"elementor-button-wrapper\">\n\t\t\t<a href=\"https:\/\/fotona.md\/wp-content\/uploads\/2022\/12\/Timewalker_intimalaser.pdf\" target=\"_blank\" rel=\"nofollow\" class=\"elementor-button-link elementor-button elementor-size-lg\" role=\"button\">\n\t\t\t\t\t\t<span class=\"elementor-button-content-wrapper\">\n\t\t\t\t\t\t\t<span class=\"elementor-button-icon elementor-align-icon-left\">\n\t\t\t\t<i aria-hidden=\"true\" class=\"far fa-file-pdf\"><\/i>\t\t\t<\/span>\n\t\t\t\t\t\t<span class=\"elementor-button-text\">Descarca\u021bi bro\u0219ura<\/span>\n\t\t<\/span>\n\t\t\t\t\t<\/a>\n\t\t<\/div>\n\t\t\t\t<\/div>\n\t\t\t\t<\/div>\n\t\t\t\t\t<\/div>\n\t\t<\/div>\n\t\t\t\t\t\t\t<\/div>\n\t\t<\/section>\n\t\t\t\t<section class=\"elementor-section elementor-top-section elementor-element elementor-element-cbc536f elementor-section-boxed elementor-section-height-default elementor-section-height-default elementor-invisible\" data-id=\"cbc536f\" data-element_type=\"section\" data-settings=\"{&quot;animation&quot;:&quot;fadeInUp&quot;}\">\n\t\t\t\t\t\t<div class=\"elementor-container elementor-column-gap-default\">\n\t\t\t\t\t<div class=\"elementor-column elementor-col-100 elementor-top-column elementor-element elementor-element-5cdaabf\" data-id=\"5cdaabf\" data-element_type=\"column\" data-settings=\"{&quot;background_background&quot;:&quot;classic&quot;}\">\n\t\t\t<div class=\"elementor-widget-wrap elementor-element-populated\">\n\t\t\t\t\t\t\t\t<div class=\"elementor-element elementor-element-0bc4a3f elementor-aspect-ratio-169 elementor-widget elementor-widget-video\" data-id=\"0bc4a3f\" data-element_type=\"widget\" data-settings=\"{&quot;youtube_url&quot;:&quot;https:\\\/\\\/www.youtube.com\\\/watch?v=4tzMkcNolkw&quot;,&quot;video_type&quot;:&quot;youtube&quot;,&quot;controls&quot;:&quot;yes&quot;,&quot;aspect_ratio&quot;:&quot;169&quot;}\" data-widget_type=\"video.default\">\n\t\t\t\t<div class=\"elementor-widget-container\">\n\t\t\t<style>\/*! elementor - v3.9.2 - 21-12-2022 *\/\n.elementor-widget-video .elementor-widget-container{overflow:hidden;transform:translateZ(0)}.elementor-widget-video .elementor-open-inline .elementor-custom-embed-image-overlay{position:absolute;top:0;left:0;width:100%;height:100%;background-size:cover;background-position:50%}.elementor-widget-video .elementor-custom-embed-image-overlay{cursor:pointer;text-align:center}.elementor-widget-video .elementor-custom-embed-image-overlay:hover .elementor-custom-embed-play i{opacity:1}.elementor-widget-video .elementor-custom-embed-image-overlay img{display:block;width:100%}.elementor-widget-video .e-hosted-video .elementor-video{-o-object-fit:cover;object-fit:cover}.e-con-inner>.elementor-widget-video,.e-con>.elementor-widget-video{width:var(--container-widget-width);--flex-grow:var(--container-widget-flex-grow)}<\/style>\t\t<div class=\"elementor-wrapper elementor-fit-aspect-ratio elementor-open-inline\">\n\t\t\t<div class=\"elementor-video\"><\/div>\t\t<\/div>\n\t\t\t\t<\/div>\n\t\t\t\t<\/div>\n\t\t\t\t<div class=\"elementor-element elementor-element-b0a1dd0 elementor-widget elementor-widget-text-editor\" data-id=\"b0a1dd0\" data-element_type=\"widget\" data-widget_type=\"text-editor.default\">\n\t\t\t\t<div class=\"elementor-widget-container\">\n\t\t\t\t\t\t\t<h3>Procedurile suplimentare ablative Er:YAG:<\/h3><ul><li>condiloame<\/li><li>cicatrici post epiziotomie<\/li><li>cicatricile opera\u021biei cezariane<\/li><li>labioplastie<\/li><li>leziuni HPV<\/li><li>depigmentare<\/li><li>cicatrici traumatice<\/li><\/ul><p>\u0219i alte proceduri non-ablative cu Nd:YAG:<\/p><ul><li>leziuni vasculare<\/li><li>\u00eendep\u0103rtarea p\u0103rului<\/li><li>\u00eendep\u0103rtarea polipilor<\/li><li>miomectomie intrauterin\u0103<br \/>fotobiomodularea pentru reducerea durerii<br \/>tratarea r\u0103nilor la nivelul mucoaselor \u0219i al pielii<\/li><\/ul><p>Scanerul integrat \u0219i robotizat G-Runner\u2122 asigur\u0103 livrarea automat\u0103 \u0219i optimizat\u0103 a energiei laser cu precizie \u0219i acurate\u021be ridicat\u0103, reduce timpul de tratament, spore\u0219te confortul \u0219i comoditatea operatorului.<\/p><p>Pentru utilizare specializat\u0103 \u00een diverse domenii ginecologice sunt disponibile diverse<br \/>piese de m\u00e2n\u0103 inovatoare, confec\u021bionate din materiale biocompatibile de cea mai \u00eenalt\u0103 calitate, cum ar fi titanul \u0219i aurul.<\/p><p>Cu TimeWalker\u00ae IntimaLaser\u2122 procedurile clinice, estetice \u0219i chirurgicale minim invazive de maxim\u0103 precizie pot fi efectuate cu u\u0219urin\u021b\u0103, cu recuperare rapid\u0103 \u0219i cu un grad ridicat de satisfac\u021bie a pacien\u021bilor.<br \/>Tehnologie unic\u0103 patentat\u0103 Fotona SMOOTH\u00ae.<\/p><p>Impulsurile laser patentate Fotona SMOOTH\u00ae Er:YAG intensific\u0103 o form\u0103 unic\u0103 de stimulare termic\u0103 non-ablativ\u0103 cu un proces bl\u00e2nd de regenerare tisular\u0103 dubl\u0103, care este conceput\u0103 pentru a ob\u021bine o corec\u021bie de colagen \u0219i formarea acestuia \u00een \u021besuturi. Rezultatul final este \u00eent\u0103rirea \u021besutului conjunctiv al peretelui vaginal, cre\u0219terea general\u0103 a grosimii acestuia \u0219i o \u00eembun\u0103t\u0103\u021bire considerabil\u0103 a mucoasei \u021besutului vaginal.<\/p><p>Datorit\u0103 func\u021biilor suplimentare ale laserului, care variaz\u0103 de la peelinguri minime ablative la rece p\u00e2n\u0103 la peelinguri ablative profunde la cald, resurfacing cu laser frac\u021bionat, tratamentele pot fi adaptate la orice afec\u021biune specific\u0103 pentru a ob\u021bine rezultate excep\u021bionale.<\/p><p>Pentru mai multe informa\u021bii, vizita\u021bi site-ul Fotona SMOOTH\u00ae, destinat at\u00e2t pacien\u021bilor, c\u00e2t \u0219i medicilor.<\/p><h3><strong>Dou\u0103 modele la alegere:<\/strong><\/h3><ul><li><strong>TimeWalker\u00ae IntimaLaser<sup>TM<\/sup><br \/><\/strong><\/li><li><strong><strong>TimeWalker\u00ae IntimaLaser<sup>TM<\/sup>\u00a0PRO<\/strong><\/strong><\/li><\/ul><div class=\"table-responsive\"><table class=\"table\"><tbody><tr><td valign=\"top\">\u00a0<\/td><td colspan=\"2\" align=\"center\" valign=\"top\"><strong>TimeWalker\u00ae IntimaLaser<sup>TM <\/sup><br \/><\/strong><\/td><td colspan=\"2\" align=\"center\" valign=\"top\"><strong>TimeWalker\u00ae IntimaLaser<sup>TM<\/sup> PRO<br \/><\/strong><\/td><\/tr><tr><td valign=\"top\">\u00a0<\/td><td valign=\"top\">Power \/ Energy<\/td><td valign=\"top\">Modalities<\/td><td valign=\"top\">Power \/ Energy<\/td><td valign=\"top\">Modalities<\/td><\/tr><tr><td valign=\"top\"><strong class=\"clear\">2940 nm<br \/>Er:YAG<br \/><\/strong><\/td><td valign=\"top\">12 W, 0.9 J<\/td><td valign=\"top\">MSP, SMOOTH<\/td><td valign=\"top\">20 W, 1.5 J<\/td><td valign=\"top\">MSP, SP, LP, VLP,<br \/>SMOOTH<\/td><\/tr><tr><td valign=\"top\"><strong class=\"clear\">1064 nm<br \/>Nd:YAG<\/strong><\/td><td valign=\"top\">\/<\/td><td valign=\"top\">\/<\/td><td valign=\"top\">30 W, 20 J<\/td><td valign=\"top\">FRAC3, PIANO,<br \/>VERSA, LLLT<\/td><\/tr><\/tbody><\/table><\/div>\t\t\t\t\t\t<\/div>\n\t\t\t\t<\/div>\n\t\t\t\t<div class=\"elementor-element elementor-element-36168b7 elementor-mobile-align-center elementor-widget-mobile__width-inherit elementor-align-center elementor-invisible elementor-widget elementor-widget-button\" data-id=\"36168b7\" data-element_type=\"widget\" data-settings=\"{&quot;_animation&quot;:&quot;fadeInUp&quot;,&quot;_animation_delay&quot;:600}\" data-widget_type=\"button.default\">\n\t\t\t\t<div class=\"elementor-widget-container\">\n\t\t\t\t\t<div class=\"elementor-button-wrapper\">\n\t\t\t<a href=\"#elementor-action%3Aaction%3Dpopup%3Aopen%26settings%3DeyJpZCI6MTU5OSwidG9nZ2xlIjpmYWxzZX0%3D\" class=\"elementor-button-link elementor-button elementor-size-xl elementor-animation-float\" role=\"button\">\n\t\t\t\t\t\t<span class=\"elementor-button-content-wrapper\">\n\t\t\t\t\t\t<span class=\"elementor-button-text\">Comanda\u021bi laserul TimeWalker\u00ae IntimaLaser\u2122<\/span>\n\t\t<\/span>\n\t\t\t\t\t<\/a>\n\t\t<\/div>\n\t\t\t\t<\/div>\n\t\t\t\t<\/div>\n\t\t\t\t\t<\/div>\n\t\t<\/div>\n\t\t\t\t\t\t\t<\/div>\n\t\t<\/section>\n\t\t\t\t\t\t\t<\/div>\n\t\t","protected":false},"excerpt":{"rendered":"<p>TimeWalker\u00ae IntimaLaser\u2122 Laser special conceput pentru proceduri ginecologice TimeWalker\u00ae IntimaLaser\u2122 este o platform\u0103 laser nou\u0103 \u0219i unic\u0103, dedicat\u0103 procedurilor ginecologice. Cu dou\u0103 lungimi de und\u0103 laser complementare (Er:YAG \u0219i Nd:YAG), se ob\u021bine o versatilitate excep\u021bional\u0103 &#8211; de la procedurile non-ablative Fotona SMOOTH\u00ae \u0219i proceduri ablative bl\u00e2nde la proceduri termice non-ablative. Solu\u021bii sigure, testate \u0219i dovedite [&hellip;]<\/p>\n","protected":false},"author":1,"featured_media":0,"parent":0,"menu_order":0,"comment_status":"closed","ping_status":"closed","template":"elementor_header_footer","meta":{"footnotes":""},"class_list":["post-1826","page","type-page","status-publish","hentry"],"yoast_head":"<!-- This site is optimized with the Yoast SEO plugin v20.7 - https:\/\/yoast.com\/wordpress\/plugins\/seo\/ -->\n<title>TimeWalker\u00ae IntimaLaser\u2122 | Fotona<\/title>\n<meta name=\"robots\" content=\"index, follow, max-snippet:-1, max-image-preview:large, max-video-preview:-1\" \/>\n<link rel=\"canonical\" href=\"https:\/\/fotona.md\/ro\/timewalker-intimalaser\/\" \/>\n<meta property=\"og:locale\" content=\"ro_RO\" \/>\n<meta property=\"og:type\" content=\"article\" \/>\n<meta property=\"og:title\" content=\"TimeWalker\u00ae IntimaLaser\u2122 | Fotona\" \/>\n<meta property=\"og:description\" content=\"TimeWalker\u00ae IntimaLaser\u2122 Laser special conceput pentru proceduri ginecologice TimeWalker\u00ae IntimaLaser\u2122 este o platform\u0103 laser nou\u0103 \u0219i unic\u0103, dedicat\u0103 procedurilor ginecologice. Cu dou\u0103 lungimi de und\u0103 laser complementare (Er:YAG \u0219i Nd:YAG), se ob\u021bine o versatilitate excep\u021bional\u0103 &#8211; de la procedurile non-ablative Fotona SMOOTH\u00ae \u0219i proceduri ablative bl\u00e2nde la proceduri termice non-ablative. Solu\u021bii sigure, testate \u0219i dovedite [&hellip;]\" \/>\n<meta property=\"og:url\" content=\"https:\/\/fotona.md\/ro\/timewalker-intimalaser\/\" \/>\n<meta property=\"og:site_name\" content=\"Fotona\" \/>\n<meta property=\"article:modified_time\" content=\"2022-12-23T14:31:11+00:00\" \/>\n<meta property=\"og:image\" content=\"https:\/\/fotona.md\/wp-content\/uploads\/2022\/12\/timewalker_intimalaser_banner_21_web.jpg\" \/>\n<meta name=\"twitter:card\" content=\"summary_large_image\" \/>\n<meta name=\"twitter:label1\" content=\"Timp estimat pentru citire\" \/>\n\t<meta name=\"twitter:data1\" content=\"2 minute\" \/>\n<script type=\"application\/ld+json\" class=\"yoast-schema-graph\">{\"@context\":\"https:\/\/schema.org\",\"@graph\":[{\"@type\":\"WebPage\",\"@id\":\"https:\/\/fotona.md\/ro\/timewalker-intimalaser\/\",\"url\":\"https:\/\/fotona.md\/ro\/timewalker-intimalaser\/\",\"name\":\"TimeWalker\u00ae IntimaLaser\u2122 | Fotona\",\"isPartOf\":{\"@id\":\"https:\/\/fotona.md\/ro\/#website\"},\"datePublished\":\"2022-12-07T08:17:47+00:00\",\"dateModified\":\"2022-12-23T14:31:11+00:00\",\"breadcrumb\":{\"@id\":\"https:\/\/fotona.md\/ro\/timewalker-intimalaser\/#breadcrumb\"},\"inLanguage\":\"ro-RO\",\"potentialAction\":[{\"@type\":\"ReadAction\",\"target\":[\"https:\/\/fotona.md\/ro\/timewalker-intimalaser\/\"]}]},{\"@type\":\"BreadcrumbList\",\"@id\":\"https:\/\/fotona.md\/ro\/timewalker-intimalaser\/#breadcrumb\",\"itemListElement\":[{\"@type\":\"ListItem\",\"position\":1,\"name\":\"\u0413\u043b\u0430\u0432\u043d\u0430\u044f \u0441\u0442\u0440\u0430\u043d\u0438\u0446\u0430\",\"item\":\"https:\/\/fotona.md\/ro\/\"},{\"@type\":\"ListItem\",\"position\":2,\"name\":\"TimeWalker\u00ae IntimaLaser\u2122\"}]},{\"@type\":\"WebSite\",\"@id\":\"https:\/\/fotona.md\/ro\/#website\",\"url\":\"https:\/\/fotona.md\/ro\/\",\"name\":\"FOTONA \u0432 \u041c\u043e\u043b\u0434\u043e\u0432\u0435\",\"description\":\"\u0415\u0449\u0451 \u043e\u0434\u0438\u043d \u0441\u0430\u0439\u0442 \u043d\u0430 WordPress\",\"potentialAction\":[{\"@type\":\"SearchAction\",\"target\":{\"@type\":\"EntryPoint\",\"urlTemplate\":\"https:\/\/fotona.md\/ro\/?s={search_term_string}\"},\"query-input\":\"required name=search_term_string\"}],\"inLanguage\":\"ro-RO\"}]}<\/script>\n<!-- \/ Yoast SEO plugin. -->","yoast_head_json":{"title":"TimeWalker\u00ae IntimaLaser\u2122 | Fotona","robots":{"index":"index","follow":"follow","max-snippet":"max-snippet:-1","max-image-preview":"max-image-preview:large","max-video-preview":"max-video-preview:-1"},"canonical":"https:\/\/fotona.md\/ro\/timewalker-intimalaser\/","og_locale":"ro_RO","og_type":"article","og_title":"TimeWalker\u00ae IntimaLaser\u2122 | Fotona","og_description":"TimeWalker\u00ae IntimaLaser\u2122 Laser special conceput pentru proceduri ginecologice TimeWalker\u00ae IntimaLaser\u2122 este o platform\u0103 laser nou\u0103 \u0219i unic\u0103, dedicat\u0103 procedurilor ginecologice. Cu dou\u0103 lungimi de und\u0103 laser complementare (Er:YAG \u0219i Nd:YAG), se ob\u021bine o versatilitate excep\u021bional\u0103 &#8211; de la procedurile non-ablative Fotona SMOOTH\u00ae \u0219i proceduri ablative bl\u00e2nde la proceduri termice non-ablative. Solu\u021bii sigure, testate \u0219i dovedite [&hellip;]","og_url":"https:\/\/fotona.md\/ro\/timewalker-intimalaser\/","og_site_name":"Fotona","article_modified_time":"2022-12-23T14:31:11+00:00","og_image":[{"url":"https:\/\/fotona.md\/wp-content\/uploads\/2022\/12\/timewalker_intimalaser_banner_21_web.jpg"}],"twitter_card":"summary_large_image","twitter_misc":{"Timp estimat pentru citire":"2 minute"},"schema":{"@context":"https:\/\/schema.org","@graph":[{"@type":"WebPage","@id":"https:\/\/fotona.md\/ro\/timewalker-intimalaser\/","url":"https:\/\/fotona.md\/ro\/timewalker-intimalaser\/","name":"TimeWalker\u00ae IntimaLaser\u2122 | Fotona","isPartOf":{"@id":"https:\/\/fotona.md\/ro\/#website"},"datePublished":"2022-12-07T08:17:47+00:00","dateModified":"2022-12-23T14:31:11+00:00","breadcrumb":{"@id":"https:\/\/fotona.md\/ro\/timewalker-intimalaser\/#breadcrumb"},"inLanguage":"ro-RO","potentialAction":[{"@type":"ReadAction","target":["https:\/\/fotona.md\/ro\/timewalker-intimalaser\/"]}]},{"@type":"BreadcrumbList","@id":"https:\/\/fotona.md\/ro\/timewalker-intimalaser\/#breadcrumb","itemListElement":[{"@type":"ListItem","position":1,"name":"\u0413\u043b\u0430\u0432\u043d\u0430\u044f \u0441\u0442\u0440\u0430\u043d\u0438\u0446\u0430","item":"https:\/\/fotona.md\/ro\/"},{"@type":"ListItem","position":2,"name":"TimeWalker\u00ae IntimaLaser\u2122"}]},{"@type":"WebSite","@id":"https:\/\/fotona.md\/ro\/#website","url":"https:\/\/fotona.md\/ro\/","name":"FOTONA \u0432 \u041c\u043e\u043b\u0434\u043e\u0432\u0435","description":"\u0415\u0449\u0451 \u043e\u0434\u0438\u043d \u0441\u0430\u0439\u0442 \u043d\u0430 WordPress","potentialAction":[{"@type":"SearchAction","target":{"@type":"EntryPoint","urlTemplate":"https:\/\/fotona.md\/ro\/?s={search_term_string}"},"query-input":"required name=search_term_string"}],"inLanguage":"ro-RO"}]}},"_links":{"self":[{"href":"https:\/\/fotona.md\/ro\/wp-json\/wp\/v2\/pages\/1826","targetHints":{"allow":["GET"]}}],"collection":[{"href":"https:\/\/fotona.md\/ro\/wp-json\/wp\/v2\/pages"}],"about":[{"href":"https:\/\/fotona.md\/ro\/wp-json\/wp\/v2\/types\/page"}],"author":[{"embeddable":true,"href":"https:\/\/fotona.md\/ro\/wp-json\/wp\/v2\/users\/1"}],"replies":[{"embeddable":true,"href":"https:\/\/fotona.md\/ro\/wp-json\/wp\/v2\/comments?post=1826"}],"version-history":[{"count":4,"href":"https:\/\/fotona.md\/ro\/wp-json\/wp\/v2\/pages\/1826\/revisions"}],"predecessor-version":[{"id":1835,"href":"https:\/\/fotona.md\/ro\/wp-json\/wp\/v2\/pages\/1826\/revisions\/1835"}],"wp:attachment":[{"href":"https:\/\/fotona.md\/ro\/wp-json\/wp\/v2\/media?parent=1826"}],"curies":[{"name":"wp","href":"https:\/\/api.w.org\/{rel}","templated":true}]}}