{"id":1908,"date":"2022-12-07T11:46:23","date_gmt":"2022-12-07T08:46:23","guid":{"rendered":"https:\/\/fotona.md\/skypulse\/"},"modified":"2022-12-23T18:35:15","modified_gmt":"2022-12-23T15:35:15","slug":"skypulse","status":"publish","type":"page","link":"https:\/\/fotona.md\/ro\/skypulse\/","title":{"rendered":"SkyPulse\u00ae"},"content":{"rendered":"\t\t<div data-elementor-type=\"wp-page\" data-elementor-id=\"1908\" class=\"elementor elementor-1908 elementor-605\">\n\t\t\t\t\t\t\t\t\t<section class=\"elementor-section elementor-top-section elementor-element elementor-element-d5c13ce elementor-section-full_width elementor-section-content-middle elementor-section-height-default elementor-section-height-default\" data-id=\"d5c13ce\" data-element_type=\"section\">\n\t\t\t\t\t\t<div class=\"elementor-container elementor-column-gap-default\">\n\t\t\t\t\t<div class=\"elementor-column elementor-col-50 elementor-top-column elementor-element elementor-element-30cc97e elementor-invisible\" data-id=\"30cc97e\" data-element_type=\"column\" data-settings=\"{&quot;background_background&quot;:&quot;classic&quot;,&quot;animation&quot;:&quot;fadeInLeft&quot;}\">\n\t\t\t<div class=\"elementor-widget-wrap elementor-element-populated\">\n\t\t\t\t\t\t\t\t<div class=\"elementor-element elementor-element-caaf8a1 elementor-hidden-desktop elementor-widget elementor-widget-image\" data-id=\"caaf8a1\" data-element_type=\"widget\" data-settings=\"{&quot;_animation_tablet&quot;:&quot;fadeInLeft&quot;}\" data-widget_type=\"image.default\">\n\t\t\t\t<div class=\"elementor-widget-container\">\n\t\t\t<style>\/*! elementor - v3.9.2 - 21-12-2022 *\/\n.elementor-widget-image{text-align:center}.elementor-widget-image a{display:inline-block}.elementor-widget-image a img[src$=\".svg\"]{width:48px}.elementor-widget-image img{vertical-align:middle;display:inline-block}<\/style>\t\t\t\t\t\t\t\t\t\t\t\t<img loading=\"lazy\" decoding=\"async\" width=\"1920\" height=\"1920\" src=\"https:\/\/fotona.md\/wp-content\/uploads\/2022\/12\/skypulse.jpg\" class=\"attachment-full size-full wp-image-708\" alt=\"\" srcset=\"https:\/\/fotona.md\/wp-content\/uploads\/2022\/12\/skypulse.jpg 1920w, https:\/\/fotona.md\/wp-content\/uploads\/2022\/12\/skypulse-300x300.jpg 300w, https:\/\/fotona.md\/wp-content\/uploads\/2022\/12\/skypulse-1024x1024.jpg 1024w, https:\/\/fotona.md\/wp-content\/uploads\/2022\/12\/skypulse-150x150.jpg 150w, https:\/\/fotona.md\/wp-content\/uploads\/2022\/12\/skypulse-768x768.jpg 768w, https:\/\/fotona.md\/wp-content\/uploads\/2022\/12\/skypulse-1536x1536.jpg 1536w\" sizes=\"auto, (max-width: 1920px) 100vw, 1920px\" \/>\t\t\t\t\t\t\t\t\t\t\t\t\t\t\t<\/div>\n\t\t\t\t<\/div>\n\t\t\t\t\t<\/div>\n\t\t<\/div>\n\t\t\t\t<div class=\"elementor-column elementor-col-50 elementor-top-column elementor-element elementor-element-92ffb10 elementor-invisible\" data-id=\"92ffb10\" data-element_type=\"column\" data-settings=\"{&quot;animation&quot;:&quot;fadeInRight&quot;}\">\n\t\t\t<div class=\"elementor-widget-wrap elementor-element-populated\">\n\t\t\t\t\t\t\t\t<div class=\"elementor-element elementor-element-d472fc6 elementor-widget elementor-widget-heading\" data-id=\"d472fc6\" data-element_type=\"widget\" data-widget_type=\"heading.default\">\n\t\t\t\t<div class=\"elementor-widget-container\">\n\t\t\t<style>\/*! elementor - v3.9.2 - 21-12-2022 *\/\n.elementor-heading-title{padding:0;margin:0;line-height:1}.elementor-widget-heading .elementor-heading-title[class*=elementor-size-]>a{color:inherit;font-size:inherit;line-height:inherit}.elementor-widget-heading .elementor-heading-title.elementor-size-small{font-size:15px}.elementor-widget-heading .elementor-heading-title.elementor-size-medium{font-size:19px}.elementor-widget-heading .elementor-heading-title.elementor-size-large{font-size:29px}.elementor-widget-heading .elementor-heading-title.elementor-size-xl{font-size:39px}.elementor-widget-heading .elementor-heading-title.elementor-size-xxl{font-size:59px}<\/style><h2 class=\"elementor-heading-title elementor-size-default\">SkyPulse\u00ae<\/h2>\t\t<\/div>\n\t\t\t\t<\/div>\n\t\t\t\t<div class=\"elementor-element elementor-element-c9f3b62 elementor-widget elementor-widget-heading\" data-id=\"c9f3b62\" data-element_type=\"widget\" data-widget_type=\"heading.default\">\n\t\t\t\t<div class=\"elementor-widget-container\">\n\t\t\t<h3 class=\"elementor-heading-title elementor-size-default\">SkyPulse\u00ae proiectat pentru stomatologie inteligent\u0103<\/h3>\t\t<\/div>\n\t\t\t\t<\/div>\n\t\t\t\t<div class=\"elementor-element elementor-element-3ab57a5 elementor-widget elementor-widget-text-editor\" data-id=\"3ab57a5\" data-element_type=\"widget\" data-widget_type=\"text-editor.default\">\n\t\t\t\t<div class=\"elementor-widget-container\">\n\t\t\t<style>\/*! elementor - v3.9.2 - 21-12-2022 *\/\n.elementor-widget-text-editor.elementor-drop-cap-view-stacked .elementor-drop-cap{background-color:#818a91;color:#fff}.elementor-widget-text-editor.elementor-drop-cap-view-framed .elementor-drop-cap{color:#818a91;border:3px solid;background-color:transparent}.elementor-widget-text-editor:not(.elementor-drop-cap-view-default) .elementor-drop-cap{margin-top:8px}.elementor-widget-text-editor:not(.elementor-drop-cap-view-default) .elementor-drop-cap-letter{width:1em;height:1em}.elementor-widget-text-editor .elementor-drop-cap{float:left;text-align:center;line-height:1;font-size:50px}.elementor-widget-text-editor .elementor-drop-cap-letter{display:inline-block}<\/style>\t\t\t\t<p>SkyPulse\u00ae este noua genera\u021bie de lasere dentare compacte \u0219i portabile de la Fotona. Aceast\u0103 platform\u0103 premiat\u0103 cu Red Dot Design este disponibil\u0103 \u00een trei versiuni: SkyPulse\u00ae Endo, Plus \u0219i Multi.<\/p><p>Toate modelele sunt echipate cu un laser Er:YAG cu lungime de und\u0103 2940 nm, care ofer\u0103 o gam\u0103 larg\u0103 de op\u021biuni pentru tratament eficient \u0219i sigur (pentru \u021besuturile moi \u0219i dure) \u00een parodontologie, implantologie \u0219i chirurgia a \u021besuturilor moi, etc.<\/p><p>SkyPulse\u00ae este, de asemenea, capabil s\u0103 genereze impulsuri scurte \u0219i de energie sc\u0103zut\u0103, optimizate \u00een special pentru crearea unui efect fotoacustic.<\/p><p>SkyPulse\u00ae abordeaz\u0103 cu succes obiectivele majore ale tratamentului endodontic conform protocoalelor SSP \u0219i SWEEPS\u00ae a companiei Fotona.<\/p>\t\t\t\t\t\t<\/div>\n\t\t\t\t<\/div>\n\t\t\t\t<div class=\"elementor-element elementor-element-d2675f4 elementor-widget__width-auto elementor-mobile-align-center elementor-widget-mobile__width-inherit elementor-invisible elementor-widget elementor-widget-button\" data-id=\"d2675f4\" data-element_type=\"widget\" data-settings=\"{&quot;_animation&quot;:&quot;fadeInUp&quot;,&quot;_animation_delay&quot;:600}\" data-widget_type=\"button.default\">\n\t\t\t\t<div class=\"elementor-widget-container\">\n\t\t\t\t\t<div class=\"elementor-button-wrapper\">\n\t\t\t<a href=\"https:\/\/fotona.md\/wp-content\/uploads\/2022\/12\/Skypulse_brochure.pdf\" target=\"_blank\" class=\"elementor-button-link elementor-button elementor-size-lg\" role=\"button\">\n\t\t\t\t\t\t<span class=\"elementor-button-content-wrapper\">\n\t\t\t\t\t\t\t<span class=\"elementor-button-icon elementor-align-icon-left\">\n\t\t\t\t<i aria-hidden=\"true\" class=\"far fa-file-pdf\"><\/i>\t\t\t<\/span>\n\t\t\t\t\t\t<span class=\"elementor-button-text\">Descarca\u021bi bro\u0219ura<\/span>\n\t\t<\/span>\n\t\t\t\t\t<\/a>\n\t\t<\/div>\n\t\t\t\t<\/div>\n\t\t\t\t<\/div>\n\t\t\t\t\t<\/div>\n\t\t<\/div>\n\t\t\t\t\t\t\t<\/div>\n\t\t<\/section>\n\t\t\t\t<section class=\"elementor-section elementor-top-section elementor-element elementor-element-59bee0a elementor-section-boxed elementor-section-height-default elementor-section-height-default elementor-invisible\" data-id=\"59bee0a\" data-element_type=\"section\" data-settings=\"{&quot;animation&quot;:&quot;fadeInUp&quot;}\">\n\t\t\t\t\t\t<div class=\"elementor-container elementor-column-gap-default\">\n\t\t\t\t\t<div class=\"elementor-column elementor-col-100 elementor-top-column elementor-element elementor-element-57ac0f9\" data-id=\"57ac0f9\" data-element_type=\"column\" data-settings=\"{&quot;background_background&quot;:&quot;classic&quot;}\">\n\t\t\t<div class=\"elementor-widget-wrap elementor-element-populated\">\n\t\t\t\t\t\t\t\t<div class=\"elementor-element elementor-element-5498a4a elementor-aspect-ratio-169 elementor-widget elementor-widget-video\" data-id=\"5498a4a\" data-element_type=\"widget\" data-settings=\"{&quot;youtube_url&quot;:&quot;https:\\\/\\\/www.youtube.com\\\/watch?v=H-imGe6IaGM&quot;,&quot;video_type&quot;:&quot;youtube&quot;,&quot;controls&quot;:&quot;yes&quot;,&quot;aspect_ratio&quot;:&quot;169&quot;}\" data-widget_type=\"video.default\">\n\t\t\t\t<div class=\"elementor-widget-container\">\n\t\t\t<style>\/*! elementor - v3.9.2 - 21-12-2022 *\/\n.elementor-widget-video .elementor-widget-container{overflow:hidden;transform:translateZ(0)}.elementor-widget-video .elementor-open-inline .elementor-custom-embed-image-overlay{position:absolute;top:0;left:0;width:100%;height:100%;background-size:cover;background-position:50%}.elementor-widget-video .elementor-custom-embed-image-overlay{cursor:pointer;text-align:center}.elementor-widget-video .elementor-custom-embed-image-overlay:hover .elementor-custom-embed-play i{opacity:1}.elementor-widget-video .elementor-custom-embed-image-overlay img{display:block;width:100%}.elementor-widget-video .e-hosted-video .elementor-video{-o-object-fit:cover;object-fit:cover}.e-con-inner>.elementor-widget-video,.e-con>.elementor-widget-video{width:var(--container-widget-width);--flex-grow:var(--container-widget-flex-grow)}<\/style>\t\t<div class=\"elementor-wrapper elementor-fit-aspect-ratio elementor-open-inline\">\n\t\t\t<div class=\"elementor-video\"><\/div>\t\t<\/div>\n\t\t\t\t<\/div>\n\t\t\t\t<\/div>\n\t\t\t\t<div class=\"elementor-element elementor-element-c8e9304 elementor-widget elementor-widget-text-editor\" data-id=\"c8e9304\" data-element_type=\"widget\" data-widget_type=\"text-editor.default\">\n\t\t\t\t<div class=\"elementor-widget-container\">\n\t\t\t\t\t\t\t<h3><strong>Dou\u0103 modele la alegere:<\/strong><\/h3><div class=\"table-responsive\"><table class=\"table\"><thead><tr><td align=\"center\"><strong>Platform module<\/strong><\/td><td align=\"center\"><strong>SkyPulse<sup>\u00ae<\/sup> Endo<br \/><\/strong><\/td><td align=\"center\"><strong>SkyPulse<sup>\u00ae<\/sup>\u00a0Endo Pro<\/strong><\/td><\/tr><tr><td align=\"center\"><strong>Laser module<\/strong><\/td><td colspan=\"2\" align=\"center\"><strong>XS Endo<\/strong><\/td><\/tr><\/thead><tbody><tr><td align=\"center\"><strong>\u00a0Wavelength<\/strong><\/td><td colspan=\"3\" align=\"center\">Er:YAG (2940 nm)<\/td><\/tr><tr><td align=\"center\"><strong>Power<\/strong><\/td><td align=\"center\">1.5 W<\/td><td align=\"center\">4.2 W<\/td><\/tr><tr><td align=\"center\"><strong>Repetition<\/strong><\/td><td align=\"center\">2 &#8211; 40 Hz<\/td><td align=\"center\">2 &#8211; 40 Hz<\/td><\/tr><tr><td align=\"center\"><strong>Modes<\/strong><\/td><td align=\"center\">SWEEPS, SSP, MSP, SP, LP, VLP<\/td><td align=\"center\">SWEEPS, SSP, MSP, SP, LP, VLP<\/td><\/tr><tr><td align=\"center\"><strong>Spray<\/strong><\/td><td align=\"center\">Yes<\/td><td align=\"center\">Yes<\/td><\/tr><tr><td align=\"center\"><strong>Optional Diode Modules<\/strong><\/td><td align=\"center\">No<\/td><td align=\"center\">Yes<\/td><\/tr><\/tbody><\/table><\/div><h3>Caracteristicile SkyPulse:<\/h3><h4>Interfa\u021b\u0103 grafic\u0103 modern\u0103 \u0219i u\u0219or de utilizat<\/h4><p>Interfa\u021ba prietenoas\u0103, avansat\u0103 \u0219i totodat\u0103 foarte personalizabil\u0103, contribuie la u\u015furin\u0163\u0103 \u00een utilizarea SkyPulse\u00ae \u0219i permite selectarea op\u021biunilor presetate printr-o simpl\u0103 atingere sau ajustarea parametriilor de tratament cu o singur\u0103 mi\u0219care a m\u00e2inii.<\/p><ul><li>O interfa\u021b\u0103 avansat\u0103 cu ecran tactil, cu navigare pe \u00een\u021belesul tuturor \u0219i u\u0219or de utilizat, care ghideaz\u0103 utilizatorul \u00een toate tratamentele \u0219i pune la \u00eendem\u00e2n\u0103 toat\u0103 gam\u0103 de aplica\u021bii.<\/li><li>Managementul \u0219i controlul parametrilor vor indica utilizatorului parametrii recomanda\u021bi.<\/li><li>Pentru procedurile prestabilite este prev\u0103zut\u0103 o memorie personalizat\u0103.<\/li><li>Registrul de proceduri p\u0103streaz\u0103 eviden\u021ba tuturor procedurilor \u00een func\u021bie de data calendaristic\u0103 sau de numele\/atribuirea pacientului \u0219i reseteaz\u0103 rapid parametrii tratamentului.<\/li><li>Panoul de control duce eviden\u021ba tuturor procedurilor efectuate \u00een timpul tratamentului.<\/li><li>Func\u021bii suplimentare: Favorite, Istoric, Calendar.<\/li><\/ul><h3>Piesa de m\u00e2n\u0103 pentru laser Er:YAG<\/h3><p>SkyPulse\u00ae dispune de piese de m\u00e2n\u0103 avansate din titan, care asigur\u0103 o durabilitate robust\u0103 pentru o manipulare constant\u0103 \u0219i permit sterilizare frecvent\u0103.<\/p><p>Piesele de m\u00e2n\u0103 Er:YAG cu v\u00e2rf \u0219i f\u0103r\u0103 v\u00e2rf SkyPulse dispun de un pulverizator aer\/ap\u0103 integrat, cu reglarea temperaturii pentru un confort suplimentar al pacientului, precum \u0219i un sistem de deconectare rapid\u0103 pentru o mai mare comoditate \u0219i o sterilizare mai u\u0219oar\u0103.<\/p><h3>Piesa de m\u00e2n\u0103 UNIFlex u\u0219oar\u0103 \u0219i flexibil\u0103<\/h3><p>Sistemul unic \u0219i articulat de livrare UNIFlex al SkyPulse face ca manevrarea piesei de m\u00e2n\u0103 pivotante la 360\u00b0 s\u0103 fie extrem de flexibil\u0103 \u0219i practic f\u0103r\u0103 rezisten\u021b\u0103, contribuind la eliminarea oboselii \u0219i oferind acces u\u0219or \u00een orice zone dificile de tratament.<\/p><h3>Module suplimentare ata\u0219abile la laserul cu diode<\/h3><p>Designul unic al SkyPulse permite utilizarea unor module laser cu diode de \u00eenalt\u0103 performan\u021b\u0103 pentru cea mai larg\u0103 gam\u0103 posibil\u0103 de lungimi de und\u0103 a laserului cu diode. Laserele cu diode sunt din ce \u00een ce mai des utilizate \u00een stomatologie ca o completare a terapiei conven\u021bionale.<\/p><p>Acestea sunt folosite pentru dezinfec\u021bie \u00een multe situa\u021bii clinice, iar cu o capacitate de generare mai mare, pot fi utilizate \u0219i \u00een cadrul procedurilor chirurgicale, oferind beneficii semnificative, cum ar fi: o mai mult\u0103 precizie chirurgical\u0103, o zon\u0103 de operare f\u0103r\u0103 s\u00e2nger\u0103ri, sterilizarea zonei de opera\u021bie, umfl\u0103turi minime \u0219i reducerea \u00een mod semnificativ sau complet a durerii postoperatorii.<\/p><p>Sursele laser multiple constau din module laser compacte cu diode, care emit radia\u021bii la mai multe lungimi de und\u0103 sau combina\u021bii de lungimi de und\u0103 posibile \u00een modul de func\u021bionare cu und\u0103 continu\u0103 (CW) sau pulsat\u0103. Parametrii laserului, precum puterea, ciclul de lucru sau durata impulsului, frecven\u021ba \u0219i timpul pot fi setate direct pe ecranul aplica\u021biei.<\/p>\t\t\t\t\t\t<\/div>\n\t\t\t\t<\/div>\n\t\t\t\t<div class=\"elementor-element elementor-element-9d7416b elementor-mobile-align-center elementor-widget-mobile__width-inherit elementor-align-center elementor-invisible elementor-widget elementor-widget-button\" data-id=\"9d7416b\" data-element_type=\"widget\" data-settings=\"{&quot;_animation&quot;:&quot;fadeInUp&quot;,&quot;_animation_delay&quot;:600}\" data-widget_type=\"button.default\">\n\t\t\t\t<div class=\"elementor-widget-container\">\n\t\t\t\t\t<div class=\"elementor-button-wrapper\">\n\t\t\t<a href=\"#elementor-action%3Aaction%3Dpopup%3Aopen%26settings%3DeyJpZCI6MTU5OSwidG9nZ2xlIjpmYWxzZX0%3D\" class=\"elementor-button-link elementor-button elementor-size-xl elementor-animation-float\" role=\"button\">\n\t\t\t\t\t\t<span class=\"elementor-button-content-wrapper\">\n\t\t\t\t\t\t<span class=\"elementor-button-text\">Comanda\u021bi laserul SkyPulse\u00ae<\/span>\n\t\t<\/span>\n\t\t\t\t\t<\/a>\n\t\t<\/div>\n\t\t\t\t<\/div>\n\t\t\t\t<\/div>\n\t\t\t\t\t<\/div>\n\t\t<\/div>\n\t\t\t\t\t\t\t<\/div>\n\t\t<\/section>\n\t\t\t\t\t\t\t<\/div>\n\t\t","protected":false},"excerpt":{"rendered":"<p>SkyPulse\u00ae SkyPulse\u00ae proiectat pentru stomatologie inteligent\u0103 SkyPulse\u00ae este noua genera\u021bie de lasere dentare compacte \u0219i portabile de la Fotona. Aceast\u0103 platform\u0103 premiat\u0103 cu Red Dot Design este disponibil\u0103 \u00een trei versiuni: SkyPulse\u00ae Endo, Plus \u0219i Multi. Toate modelele sunt echipate cu un laser Er:YAG cu lungime de und\u0103 2940 nm, care ofer\u0103 o gam\u0103 larg\u0103 [&hellip;]<\/p>\n","protected":false},"author":1,"featured_media":0,"parent":0,"menu_order":0,"comment_status":"closed","ping_status":"closed","template":"elementor_header_footer","meta":{"footnotes":""},"class_list":["post-1908","page","type-page","status-publish","hentry"],"yoast_head":"<!-- This site is optimized with the Yoast SEO plugin v20.7 - https:\/\/yoast.com\/wordpress\/plugins\/seo\/ -->\n<title>SkyPulse\u00ae | Fotona<\/title>\n<meta name=\"robots\" content=\"index, follow, max-snippet:-1, max-image-preview:large, max-video-preview:-1\" \/>\n<link rel=\"canonical\" href=\"https:\/\/fotona.md\/ro\/skypulse\/\" \/>\n<meta property=\"og:locale\" content=\"ro_RO\" \/>\n<meta property=\"og:type\" content=\"article\" \/>\n<meta property=\"og:title\" content=\"SkyPulse\u00ae | Fotona\" \/>\n<meta property=\"og:description\" content=\"SkyPulse\u00ae SkyPulse\u00ae proiectat pentru stomatologie inteligent\u0103 SkyPulse\u00ae este noua genera\u021bie de lasere dentare compacte \u0219i portabile de la Fotona. Aceast\u0103 platform\u0103 premiat\u0103 cu Red Dot Design este disponibil\u0103 \u00een trei versiuni: SkyPulse\u00ae Endo, Plus \u0219i Multi. Toate modelele sunt echipate cu un laser Er:YAG cu lungime de und\u0103 2940 nm, care ofer\u0103 o gam\u0103 larg\u0103 [&hellip;]\" \/>\n<meta property=\"og:url\" content=\"https:\/\/fotona.md\/ro\/skypulse\/\" \/>\n<meta property=\"og:site_name\" content=\"Fotona\" \/>\n<meta property=\"article:modified_time\" content=\"2022-12-23T15:35:15+00:00\" \/>\n<meta property=\"og:image\" content=\"https:\/\/fotona.md\/wp-content\/uploads\/2022\/12\/skypulse.jpg\" \/>\n<meta name=\"twitter:card\" content=\"summary_large_image\" \/>\n<meta name=\"twitter:label1\" content=\"Timp estimat pentru citire\" \/>\n\t<meta name=\"twitter:data1\" content=\"3 minute\" \/>\n<script type=\"application\/ld+json\" class=\"yoast-schema-graph\">{\"@context\":\"https:\/\/schema.org\",\"@graph\":[{\"@type\":\"WebPage\",\"@id\":\"https:\/\/fotona.md\/ro\/skypulse\/\",\"url\":\"https:\/\/fotona.md\/ro\/skypulse\/\",\"name\":\"SkyPulse\u00ae | Fotona\",\"isPartOf\":{\"@id\":\"https:\/\/fotona.md\/ro\/#website\"},\"datePublished\":\"2022-12-07T08:46:23+00:00\",\"dateModified\":\"2022-12-23T15:35:15+00:00\",\"breadcrumb\":{\"@id\":\"https:\/\/fotona.md\/ro\/skypulse\/#breadcrumb\"},\"inLanguage\":\"ro-RO\",\"potentialAction\":[{\"@type\":\"ReadAction\",\"target\":[\"https:\/\/fotona.md\/ro\/skypulse\/\"]}]},{\"@type\":\"BreadcrumbList\",\"@id\":\"https:\/\/fotona.md\/ro\/skypulse\/#breadcrumb\",\"itemListElement\":[{\"@type\":\"ListItem\",\"position\":1,\"name\":\"\u0413\u043b\u0430\u0432\u043d\u0430\u044f \u0441\u0442\u0440\u0430\u043d\u0438\u0446\u0430\",\"item\":\"https:\/\/fotona.md\/ro\/\"},{\"@type\":\"ListItem\",\"position\":2,\"name\":\"SkyPulse\u00ae\"}]},{\"@type\":\"WebSite\",\"@id\":\"https:\/\/fotona.md\/ro\/#website\",\"url\":\"https:\/\/fotona.md\/ro\/\",\"name\":\"FOTONA \u0432 \u041c\u043e\u043b\u0434\u043e\u0432\u0435\",\"description\":\"\u0415\u0449\u0451 \u043e\u0434\u0438\u043d \u0441\u0430\u0439\u0442 \u043d\u0430 WordPress\",\"potentialAction\":[{\"@type\":\"SearchAction\",\"target\":{\"@type\":\"EntryPoint\",\"urlTemplate\":\"https:\/\/fotona.md\/ro\/?s={search_term_string}\"},\"query-input\":\"required name=search_term_string\"}],\"inLanguage\":\"ro-RO\"}]}<\/script>\n<!-- \/ Yoast SEO plugin. -->","yoast_head_json":{"title":"SkyPulse\u00ae | Fotona","robots":{"index":"index","follow":"follow","max-snippet":"max-snippet:-1","max-image-preview":"max-image-preview:large","max-video-preview":"max-video-preview:-1"},"canonical":"https:\/\/fotona.md\/ro\/skypulse\/","og_locale":"ro_RO","og_type":"article","og_title":"SkyPulse\u00ae | Fotona","og_description":"SkyPulse\u00ae SkyPulse\u00ae proiectat pentru stomatologie inteligent\u0103 SkyPulse\u00ae este noua genera\u021bie de lasere dentare compacte \u0219i portabile de la Fotona. Aceast\u0103 platform\u0103 premiat\u0103 cu Red Dot Design este disponibil\u0103 \u00een trei versiuni: SkyPulse\u00ae Endo, Plus \u0219i Multi. Toate modelele sunt echipate cu un laser Er:YAG cu lungime de und\u0103 2940 nm, care ofer\u0103 o gam\u0103 larg\u0103 [&hellip;]","og_url":"https:\/\/fotona.md\/ro\/skypulse\/","og_site_name":"Fotona","article_modified_time":"2022-12-23T15:35:15+00:00","og_image":[{"url":"https:\/\/fotona.md\/wp-content\/uploads\/2022\/12\/skypulse.jpg"}],"twitter_card":"summary_large_image","twitter_misc":{"Timp estimat pentru citire":"3 minute"},"schema":{"@context":"https:\/\/schema.org","@graph":[{"@type":"WebPage","@id":"https:\/\/fotona.md\/ro\/skypulse\/","url":"https:\/\/fotona.md\/ro\/skypulse\/","name":"SkyPulse\u00ae | Fotona","isPartOf":{"@id":"https:\/\/fotona.md\/ro\/#website"},"datePublished":"2022-12-07T08:46:23+00:00","dateModified":"2022-12-23T15:35:15+00:00","breadcrumb":{"@id":"https:\/\/fotona.md\/ro\/skypulse\/#breadcrumb"},"inLanguage":"ro-RO","potentialAction":[{"@type":"ReadAction","target":["https:\/\/fotona.md\/ro\/skypulse\/"]}]},{"@type":"BreadcrumbList","@id":"https:\/\/fotona.md\/ro\/skypulse\/#breadcrumb","itemListElement":[{"@type":"ListItem","position":1,"name":"\u0413\u043b\u0430\u0432\u043d\u0430\u044f \u0441\u0442\u0440\u0430\u043d\u0438\u0446\u0430","item":"https:\/\/fotona.md\/ro\/"},{"@type":"ListItem","position":2,"name":"SkyPulse\u00ae"}]},{"@type":"WebSite","@id":"https:\/\/fotona.md\/ro\/#website","url":"https:\/\/fotona.md\/ro\/","name":"FOTONA \u0432 \u041c\u043e\u043b\u0434\u043e\u0432\u0435","description":"\u0415\u0449\u0451 \u043e\u0434\u0438\u043d \u0441\u0430\u0439\u0442 \u043d\u0430 WordPress","potentialAction":[{"@type":"SearchAction","target":{"@type":"EntryPoint","urlTemplate":"https:\/\/fotona.md\/ro\/?s={search_term_string}"},"query-input":"required name=search_term_string"}],"inLanguage":"ro-RO"}]}},"_links":{"self":[{"href":"https:\/\/fotona.md\/ro\/wp-json\/wp\/v2\/pages\/1908","targetHints":{"allow":["GET"]}}],"collection":[{"href":"https:\/\/fotona.md\/ro\/wp-json\/wp\/v2\/pages"}],"about":[{"href":"https:\/\/fotona.md\/ro\/wp-json\/wp\/v2\/types\/page"}],"author":[{"embeddable":true,"href":"https:\/\/fotona.md\/ro\/wp-json\/wp\/v2\/users\/1"}],"replies":[{"embeddable":true,"href":"https:\/\/fotona.md\/ro\/wp-json\/wp\/v2\/comments?post=1908"}],"version-history":[{"count":4,"href":"https:\/\/fotona.md\/ro\/wp-json\/wp\/v2\/pages\/1908\/revisions"}],"predecessor-version":[{"id":1919,"href":"https:\/\/fotona.md\/ro\/wp-json\/wp\/v2\/pages\/1908\/revisions\/1919"}],"wp:attachment":[{"href":"https:\/\/fotona.md\/ro\/wp-json\/wp\/v2\/media?parent=1908"}],"curies":[{"name":"wp","href":"https:\/\/api.w.org\/{rel}","templated":true}]}}