{"id":1982,"date":"2022-12-07T11:57:44","date_gmt":"2022-12-07T08:57:44","guid":{"rendered":"https:\/\/fotona.md\/xpulse-line\/"},"modified":"2022-12-23T20:19:38","modified_gmt":"2022-12-23T17:19:38","slug":"xpulse-line","status":"publish","type":"page","link":"https:\/\/fotona.md\/ro\/xpulse-line\/","title":{"rendered":"XPulse\u00ae Line"},"content":{"rendered":"\t\t<div data-elementor-type=\"wp-page\" data-elementor-id=\"1982\" class=\"elementor elementor-1982 elementor-617\">\n\t\t\t\t\t\t\t\t\t<section class=\"elementor-section elementor-top-section elementor-element elementor-element-a02b021 elementor-section-full_width elementor-section-content-middle elementor-section-height-default elementor-section-height-default\" data-id=\"a02b021\" data-element_type=\"section\">\n\t\t\t\t\t\t<div class=\"elementor-container elementor-column-gap-default\">\n\t\t\t\t\t<div class=\"elementor-column elementor-col-50 elementor-top-column elementor-element elementor-element-9e681d7 elementor-invisible\" data-id=\"9e681d7\" data-element_type=\"column\" data-settings=\"{&quot;background_background&quot;:&quot;classic&quot;,&quot;animation&quot;:&quot;fadeInLeft&quot;}\">\n\t\t\t<div class=\"elementor-widget-wrap elementor-element-populated\">\n\t\t\t\t\t\t\t\t<div class=\"elementor-element elementor-element-edb63db elementor-hidden-desktop elementor-widget elementor-widget-image\" data-id=\"edb63db\" data-element_type=\"widget\" data-settings=\"{&quot;_animation_tablet&quot;:&quot;fadeInLeft&quot;}\" data-widget_type=\"image.default\">\n\t\t\t\t<div class=\"elementor-widget-container\">\n\t\t\t<style>\/*! elementor - v3.9.2 - 21-12-2022 *\/\n.elementor-widget-image{text-align:center}.elementor-widget-image a{display:inline-block}.elementor-widget-image a img[src$=\".svg\"]{width:48px}.elementor-widget-image img{vertical-align:middle;display:inline-block}<\/style>\t\t\t\t\t\t\t\t\t\t\t\t<img loading=\"lazy\" decoding=\"async\" width=\"1920\" height=\"974\" src=\"https:\/\/fotona.md\/wp-content\/uploads\/2022\/12\/xpulse_temp.jpg\" class=\"attachment-full size-full wp-image-709\" alt=\"\" srcset=\"https:\/\/fotona.md\/wp-content\/uploads\/2022\/12\/xpulse_temp.jpg 1920w, https:\/\/fotona.md\/wp-content\/uploads\/2022\/12\/xpulse_temp-300x152.jpg 300w, https:\/\/fotona.md\/wp-content\/uploads\/2022\/12\/xpulse_temp-1024x519.jpg 1024w, https:\/\/fotona.md\/wp-content\/uploads\/2022\/12\/xpulse_temp-768x390.jpg 768w, https:\/\/fotona.md\/wp-content\/uploads\/2022\/12\/xpulse_temp-1536x779.jpg 1536w\" sizes=\"auto, (max-width: 1920px) 100vw, 1920px\" \/>\t\t\t\t\t\t\t\t\t\t\t\t\t\t\t<\/div>\n\t\t\t\t<\/div>\n\t\t\t\t\t<\/div>\n\t\t<\/div>\n\t\t\t\t<div class=\"elementor-column elementor-col-50 elementor-top-column elementor-element elementor-element-91c1541 elementor-invisible\" data-id=\"91c1541\" data-element_type=\"column\" data-settings=\"{&quot;animation&quot;:&quot;fadeInRight&quot;}\">\n\t\t\t<div class=\"elementor-widget-wrap elementor-element-populated\">\n\t\t\t\t\t\t\t\t<div class=\"elementor-element elementor-element-8436f09 elementor-widget elementor-widget-heading\" data-id=\"8436f09\" data-element_type=\"widget\" data-widget_type=\"heading.default\">\n\t\t\t\t<div class=\"elementor-widget-container\">\n\t\t\t<style>\/*! elementor - v3.9.2 - 21-12-2022 *\/\n.elementor-heading-title{padding:0;margin:0;line-height:1}.elementor-widget-heading .elementor-heading-title[class*=elementor-size-]>a{color:inherit;font-size:inherit;line-height:inherit}.elementor-widget-heading .elementor-heading-title.elementor-size-small{font-size:15px}.elementor-widget-heading .elementor-heading-title.elementor-size-medium{font-size:19px}.elementor-widget-heading .elementor-heading-title.elementor-size-large{font-size:29px}.elementor-widget-heading .elementor-heading-title.elementor-size-xl{font-size:39px}.elementor-widget-heading .elementor-heading-title.elementor-size-xxl{font-size:59px}<\/style><h2 class=\"elementor-heading-title elementor-size-default\">XPulse\u00ae Line<\/h2>\t\t<\/div>\n\t\t\t\t<\/div>\n\t\t\t\t<div class=\"elementor-element elementor-element-e991bb5 elementor-widget elementor-widget-heading\" data-id=\"e991bb5\" data-element_type=\"widget\" data-widget_type=\"heading.default\">\n\t\t\t\t<div class=\"elementor-widget-container\">\n\t\t\t<h3 class=\"elementor-heading-title elementor-size-default\">V\u0103 prezent\u0103m linie nou\u0103 XPulse\u00ae de la Fotona!<\/h3>\t\t<\/div>\n\t\t\t\t<\/div>\n\t\t\t\t<div class=\"elementor-element elementor-element-111e9b3 elementor-widget elementor-widget-text-editor\" data-id=\"111e9b3\" data-element_type=\"widget\" data-widget_type=\"text-editor.default\">\n\t\t\t\t<div class=\"elementor-widget-container\">\n\t\t\t<style>\/*! elementor - v3.9.2 - 21-12-2022 *\/\n.elementor-widget-text-editor.elementor-drop-cap-view-stacked .elementor-drop-cap{background-color:#818a91;color:#fff}.elementor-widget-text-editor.elementor-drop-cap-view-framed .elementor-drop-cap{color:#818a91;border:3px solid;background-color:transparent}.elementor-widget-text-editor:not(.elementor-drop-cap-view-default) .elementor-drop-cap{margin-top:8px}.elementor-widget-text-editor:not(.elementor-drop-cap-view-default) .elementor-drop-cap-letter{width:1em;height:1em}.elementor-widget-text-editor .elementor-drop-cap{float:left;text-align:center;line-height:1;font-size:50px}.elementor-widget-text-editor .elementor-drop-cap-letter{display:inline-block}<\/style>\t\t\t\t<p>Laserele cu diode XPulse\u00ae sunt o alegere modern\u0103 \u0219i profesional\u0103 pentru tratamentul \u021besuturilor moi, hemostaz\u0103 \u0219i dezinfec\u021bie. Fiind dotat cu o gam\u0103 larg\u0103 de preset\u0103ri clinice, piese de m\u00e2n\u0103 \u0219i multe moduri de pulsare, XPulse\u00ae permite medicilor s\u0103 efectueze tratamente cu rezultate remarcabile, iar func\u021bionarea laserului pe baterii sau priza electrica asigura o portabilitate maxim\u0103.<\/p>\n<p>\u00cen func\u021bie de indica\u021bia de utilizare, XPulse\u00ae permite alegerea celei mai potrivite lungimi de und\u0103 \u0219i a set\u0103rilor specifice, ceea ce contribuie la ob\u021binerea efectului dorit de interac\u021biune laser-\u021besut \u0219i la realizarea obiectivelor propuse.<\/p>\n\t\t\t\t\t\t<\/div>\n\t\t\t\t<\/div>\n\t\t\t\t<div class=\"elementor-element elementor-element-db5e633 elementor-widget__width-auto elementor-mobile-align-center elementor-widget-mobile__width-inherit elementor-invisible elementor-widget elementor-widget-button\" data-id=\"db5e633\" data-element_type=\"widget\" data-settings=\"{&quot;_animation&quot;:&quot;fadeInUp&quot;,&quot;_animation_delay&quot;:600}\" data-widget_type=\"button.default\">\n\t\t\t\t<div class=\"elementor-widget-container\">\n\t\t\t\t\t<div class=\"elementor-button-wrapper\">\n\t\t\t<a href=\"https:\/\/fotona.md\/wp-content\/uploads\/2022\/12\/Xpulse_brochure_v1_web.pdf\" target=\"_blank\" class=\"elementor-button-link elementor-button elementor-size-lg\" role=\"button\">\n\t\t\t\t\t\t<span class=\"elementor-button-content-wrapper\">\n\t\t\t\t\t\t\t<span class=\"elementor-button-icon elementor-align-icon-left\">\n\t\t\t\t<i aria-hidden=\"true\" class=\"far fa-file-pdf\"><\/i>\t\t\t<\/span>\n\t\t\t\t\t\t<span class=\"elementor-button-text\">Descarca\u021bi bro\u0219ura<\/span>\n\t\t<\/span>\n\t\t\t\t\t<\/a>\n\t\t<\/div>\n\t\t\t\t<\/div>\n\t\t\t\t<\/div>\n\t\t\t\t\t<\/div>\n\t\t<\/div>\n\t\t\t\t\t\t\t<\/div>\n\t\t<\/section>\n\t\t\t\t<section class=\"elementor-section elementor-top-section elementor-element elementor-element-1672a9b elementor-section-boxed elementor-section-height-default elementor-section-height-default elementor-invisible\" data-id=\"1672a9b\" data-element_type=\"section\" data-settings=\"{&quot;animation&quot;:&quot;fadeInUp&quot;}\">\n\t\t\t\t\t\t<div class=\"elementor-container elementor-column-gap-default\">\n\t\t\t\t\t<div class=\"elementor-column elementor-col-100 elementor-top-column elementor-element elementor-element-42bfd5f\" data-id=\"42bfd5f\" data-element_type=\"column\" data-settings=\"{&quot;background_background&quot;:&quot;classic&quot;}\">\n\t\t\t<div class=\"elementor-widget-wrap elementor-element-populated\">\n\t\t\t\t\t\t\t\t<div class=\"elementor-element elementor-element-4ec9737 elementor-aspect-ratio-169 elementor-widget elementor-widget-video\" data-id=\"4ec9737\" data-element_type=\"widget\" data-settings=\"{&quot;youtube_url&quot;:&quot;https:\\\/\\\/www.youtube.com\\\/watch?v=Za_RIaaAiL8&quot;,&quot;video_type&quot;:&quot;youtube&quot;,&quot;controls&quot;:&quot;yes&quot;,&quot;aspect_ratio&quot;:&quot;169&quot;}\" data-widget_type=\"video.default\">\n\t\t\t\t<div class=\"elementor-widget-container\">\n\t\t\t<style>\/*! elementor - v3.9.2 - 21-12-2022 *\/\n.elementor-widget-video .elementor-widget-container{overflow:hidden;transform:translateZ(0)}.elementor-widget-video .elementor-open-inline .elementor-custom-embed-image-overlay{position:absolute;top:0;left:0;width:100%;height:100%;background-size:cover;background-position:50%}.elementor-widget-video .elementor-custom-embed-image-overlay{cursor:pointer;text-align:center}.elementor-widget-video .elementor-custom-embed-image-overlay:hover .elementor-custom-embed-play i{opacity:1}.elementor-widget-video .elementor-custom-embed-image-overlay img{display:block;width:100%}.elementor-widget-video .e-hosted-video .elementor-video{-o-object-fit:cover;object-fit:cover}.e-con-inner>.elementor-widget-video,.e-con>.elementor-widget-video{width:var(--container-widget-width);--flex-grow:var(--container-widget-flex-grow)}<\/style>\t\t<div class=\"elementor-wrapper elementor-fit-aspect-ratio elementor-open-inline\">\n\t\t\t<div class=\"elementor-video\"><\/div>\t\t<\/div>\n\t\t\t\t<\/div>\n\t\t\t\t<\/div>\n\t\t\t\t<div class=\"elementor-element elementor-element-f822174 elementor-widget elementor-widget-text-editor\" data-id=\"f822174\" data-element_type=\"widget\" data-widget_type=\"text-editor.default\">\n\t\t\t\t<div class=\"elementor-widget-container\">\n\t\t\t\t\t\t\t<div class=\"col-md-6\">\n<h3><strong>Tipuri de tratament:<\/strong><\/h3>\n<p>Laserele cu diode XPulse\u00ae ofer\u0103 medicului posibilitatea de a le oferi pacien\u021bilor s\u0103i tratamente sigure, proceduri foarte eficiente \u0219i bl\u00e2nde:<\/p>\n<ul>\n<li>Endodon\u021bie<\/li>\n<li>Parodontologie<\/li>\n<li>Periimplantit\u0103<\/li>\n<li>Aplica\u021bii chirurgicale<\/li>\n<li>Aplica\u021bie terapeutic\u0103<\/li>\n<li>Albirea din\u021bilor<\/li>\n<li>Terapia fototermal\u0103 &#8211; PTT<\/li>\n<li>\u0219i alte tratamente \u00een domeniul estetic, podiatriei, chirurgiei \u0219i ginecologiei.<\/li>\n<\/ul>\n<p>Tehnologia Diode XPulse\u00ae poate fi utilizat\u0103 \u00een mod eficient pentru reducerea \u0219i\/sau oprirea s\u00e2nger\u0103rii dup\u0103 interven\u021bii chirurgicale simple.<\/p>\n<p><strong>Avantajele laserelor cu semiconductori XPulse\u00ae sunt:<\/strong><\/p>\n<ul>\n<li>design foarte compact<\/li>\n<li>nivel relativ ridicat de eficien\u021b\u0103 optic\u0103\n<\/li>\n<li>\u00eentre\u021binere minim\u0103 necesar\u0103\/li>\n<li>portabilitate maxim\u0103 \u0219i u\u0219urin\u021b\u0103 de utilizare cu o longevitate excelent\u0103 a bateriei.<\/li>\n<\/ul>\n<p><strong>Dou\u0103 modele la alegere:<\/strong><\/p>\n<p><strong>XPulse<sup>\u00ae<\/sup>: <\/strong>Alege\u021bi una dintre lungimile de und\u0103 disponibile: 810 nm, 980 nm, 1064 nm.<\/p>\n<p><strong>XPulse<\/strong><strong><sup>\u00ae<\/sup><\/strong><strong> II:<\/strong> ave\u021bi nevoie de mai multe lungimi de und\u0103 \u00eentr-un singur dispozitiv? &#8211; Nici o problem\u0103! Alege\u021bi dintre cele trei lungimi de und\u0103 disponibile pentru a se potrivi exact nevoilor dumneavoastr\u0103: 445 nm, 810 nm, 980 nm.<\/p>\n<p><img decoding=\"async\" src=\"https:\/\/www.fotona.com\/media\/uploads\/xpulse_02.jpg\" \/><\/p>\n<\/div>\n<div class=\"col-md-6\">\n<p><strong>Terapia fototermal\u0103 EmunDo\u00ae:<\/strong><\/p>\n<ul>\n<li>Parodontit\u0103<\/li>\n<li>Reducerea num\u0103rului de bacterii<\/li>\n<li>Poten\u021bialul de reduce a utiliz\u0103rii antibioticelor\/li>\n<\/ul>\n<p>Conceptul EmunDo\u00ae se bazeaz\u0103 pe utilizarea unui activator fotosensibil care se acumuleaz\u0103 doar pe zonele inflamate \u0219i pe bacteriile Gram-pozitive \u0219i Gram-negative, unde r\u0103m\u00e2ne pe toat\u0103 durata tratamentului. EmunDo\u00ae nu coloreaz\u0103 \u021besuturile vitale \u0219i \u0219i poate fi sp\u0103lat cu u\u0219urin\u021b\u0103 f\u0103r\u0103 reziduuri dup\u0103 tratament.<\/p>\n<p>Prin utilizarea EmunDo\u00ae \u00een combina\u021bie cu laserul XPulse\u00ae &#8211; singurul laser \u00eenregistrat pentru EmunDo\u00ae PTT &#8211; ob\u021bine\u021bi cel mai bun efect PTT.<\/p>\n<p><strong>Sigur \u0219i foarte eficient<\/strong><\/p>\n<p>Sistemele laser Fotona XPulse\u00ae pot fi utilizate fie \u00een modul contact, fie \u00een modul  f\u0103r\u0103 contact.Energia este furnizat\u0103 printr-o unitate de livrare flexibil\u0103 din fibre de cuar\u021b. V\u00e2rful de contact ofer\u0103 medicului un feedback tactil despre locul \u00een care ac\u021bioneaz\u0103 laserul.<\/p>\n<p>Fascicululul verde a laserului este livrat simultan prin intermediul sistemul de livrare a fasciculului laser, permi\u021b\u00e2nd medicului s\u0103 vad\u0103 pozi\u021bia laserului de tratament pe \u021besutul \u021bint\u0103.<\/p>\n<p>R\u0103m\u00e2ne s\u0103 selecta\u021bi parametrii prestabili\u021bi sau s\u0103 \u00eentroduce\u021bi preferin\u021bele dumneavoastr\u0103 direct pe ecranul aplica\u021biei \u0219i \u00eencepe\u021bi tratamentul.<\/p>\n<p><em><strong>Este creat pentru compania Fotona d.o.o.  de catre compania de A.R.C. Laser GmbH<\/strong><\/em><\/p>\n<\/div>\n\t\t\t\t\t\t<\/div>\n\t\t\t\t<\/div>\n\t\t\t\t<div class=\"elementor-element elementor-element-5d27723 elementor-mobile-align-center elementor-widget-mobile__width-inherit elementor-align-center elementor-invisible elementor-widget elementor-widget-button\" data-id=\"5d27723\" data-element_type=\"widget\" data-settings=\"{&quot;_animation&quot;:&quot;fadeInUp&quot;,&quot;_animation_delay&quot;:600}\" data-widget_type=\"button.default\">\n\t\t\t\t<div class=\"elementor-widget-container\">\n\t\t\t\t\t<div class=\"elementor-button-wrapper\">\n\t\t\t<a href=\"#elementor-action%3Aaction%3Dpopup%3Aopen%26settings%3DeyJpZCI6MTU5OSwidG9nZ2xlIjpmYWxzZX0%3D\" class=\"elementor-button-link elementor-button elementor-size-xl elementor-animation-float\" role=\"button\">\n\t\t\t\t\t\t<span class=\"elementor-button-content-wrapper\">\n\t\t\t\t\t\t<span class=\"elementor-button-text\">Comanda\u021bi laserul XPulse\u00ae Line<\/span>\n\t\t<\/span>\n\t\t\t\t\t<\/a>\n\t\t<\/div>\n\t\t\t\t<\/div>\n\t\t\t\t<\/div>\n\t\t\t\t\t<\/div>\n\t\t<\/div>\n\t\t\t\t\t\t\t<\/div>\n\t\t<\/section>\n\t\t\t\t\t\t\t<\/div>\n\t\t","protected":false},"excerpt":{"rendered":"<p>XPulse\u00ae Line V\u0103 prezent\u0103m linie nou\u0103 XPulse\u00ae de la Fotona! Laserele cu diode XPulse\u00ae sunt o alegere modern\u0103 \u0219i profesional\u0103 pentru tratamentul \u021besuturilor moi, hemostaz\u0103 \u0219i dezinfec\u021bie. Fiind dotat cu o gam\u0103 larg\u0103 de preset\u0103ri clinice, piese de m\u00e2n\u0103 \u0219i multe moduri de pulsare, XPulse\u00ae permite medicilor s\u0103 efectueze tratamente cu rezultate remarcabile, iar func\u021bionarea [&hellip;]<\/p>\n","protected":false},"author":1,"featured_media":0,"parent":0,"menu_order":0,"comment_status":"closed","ping_status":"closed","template":"elementor_header_footer","meta":{"footnotes":""},"class_list":["post-1982","page","type-page","status-publish","hentry"],"yoast_head":"<!-- This site is optimized with the Yoast SEO plugin v20.7 - https:\/\/yoast.com\/wordpress\/plugins\/seo\/ -->\n<title>XPulse\u00ae Line | Fotona<\/title>\n<meta name=\"robots\" content=\"index, follow, max-snippet:-1, max-image-preview:large, max-video-preview:-1\" \/>\n<link rel=\"canonical\" href=\"https:\/\/fotona.md\/ro\/xpulse-line\/\" \/>\n<meta property=\"og:locale\" content=\"ro_RO\" \/>\n<meta property=\"og:type\" content=\"article\" \/>\n<meta property=\"og:title\" content=\"XPulse\u00ae Line | Fotona\" \/>\n<meta property=\"og:description\" content=\"XPulse\u00ae Line V\u0103 prezent\u0103m linie nou\u0103 XPulse\u00ae de la Fotona! Laserele cu diode XPulse\u00ae sunt o alegere modern\u0103 \u0219i profesional\u0103 pentru tratamentul \u021besuturilor moi, hemostaz\u0103 \u0219i dezinfec\u021bie. Fiind dotat cu o gam\u0103 larg\u0103 de preset\u0103ri clinice, piese de m\u00e2n\u0103 \u0219i multe moduri de pulsare, XPulse\u00ae permite medicilor s\u0103 efectueze tratamente cu rezultate remarcabile, iar func\u021bionarea [&hellip;]\" \/>\n<meta property=\"og:url\" content=\"https:\/\/fotona.md\/ro\/xpulse-line\/\" \/>\n<meta property=\"og:site_name\" content=\"Fotona\" \/>\n<meta property=\"article:modified_time\" content=\"2022-12-23T17:19:38+00:00\" \/>\n<meta property=\"og:image\" content=\"https:\/\/fotona.md\/wp-content\/uploads\/2022\/12\/xpulse_temp.jpg\" \/>\n<meta name=\"twitter:card\" content=\"summary_large_image\" \/>\n<meta name=\"twitter:label1\" content=\"Timp estimat pentru citire\" \/>\n\t<meta name=\"twitter:data1\" content=\"2 minute\" \/>\n<script type=\"application\/ld+json\" class=\"yoast-schema-graph\">{\"@context\":\"https:\/\/schema.org\",\"@graph\":[{\"@type\":\"WebPage\",\"@id\":\"https:\/\/fotona.md\/ro\/xpulse-line\/\",\"url\":\"https:\/\/fotona.md\/ro\/xpulse-line\/\",\"name\":\"XPulse\u00ae Line | Fotona\",\"isPartOf\":{\"@id\":\"https:\/\/fotona.md\/ro\/#website\"},\"datePublished\":\"2022-12-07T08:57:44+00:00\",\"dateModified\":\"2022-12-23T17:19:38+00:00\",\"breadcrumb\":{\"@id\":\"https:\/\/fotona.md\/ro\/xpulse-line\/#breadcrumb\"},\"inLanguage\":\"ro-RO\",\"potentialAction\":[{\"@type\":\"ReadAction\",\"target\":[\"https:\/\/fotona.md\/ro\/xpulse-line\/\"]}]},{\"@type\":\"BreadcrumbList\",\"@id\":\"https:\/\/fotona.md\/ro\/xpulse-line\/#breadcrumb\",\"itemListElement\":[{\"@type\":\"ListItem\",\"position\":1,\"name\":\"\u0413\u043b\u0430\u0432\u043d\u0430\u044f \u0441\u0442\u0440\u0430\u043d\u0438\u0446\u0430\",\"item\":\"https:\/\/fotona.md\/ro\/\"},{\"@type\":\"ListItem\",\"position\":2,\"name\":\"XPulse\u00ae Line\"}]},{\"@type\":\"WebSite\",\"@id\":\"https:\/\/fotona.md\/ro\/#website\",\"url\":\"https:\/\/fotona.md\/ro\/\",\"name\":\"FOTONA \u0432 \u041c\u043e\u043b\u0434\u043e\u0432\u0435\",\"description\":\"\u0415\u0449\u0451 \u043e\u0434\u0438\u043d \u0441\u0430\u0439\u0442 \u043d\u0430 WordPress\",\"potentialAction\":[{\"@type\":\"SearchAction\",\"target\":{\"@type\":\"EntryPoint\",\"urlTemplate\":\"https:\/\/fotona.md\/ro\/?s={search_term_string}\"},\"query-input\":\"required name=search_term_string\"}],\"inLanguage\":\"ro-RO\"}]}<\/script>\n<!-- \/ Yoast SEO plugin. -->","yoast_head_json":{"title":"XPulse\u00ae Line | Fotona","robots":{"index":"index","follow":"follow","max-snippet":"max-snippet:-1","max-image-preview":"max-image-preview:large","max-video-preview":"max-video-preview:-1"},"canonical":"https:\/\/fotona.md\/ro\/xpulse-line\/","og_locale":"ro_RO","og_type":"article","og_title":"XPulse\u00ae Line | Fotona","og_description":"XPulse\u00ae Line V\u0103 prezent\u0103m linie nou\u0103 XPulse\u00ae de la Fotona! Laserele cu diode XPulse\u00ae sunt o alegere modern\u0103 \u0219i profesional\u0103 pentru tratamentul \u021besuturilor moi, hemostaz\u0103 \u0219i dezinfec\u021bie. Fiind dotat cu o gam\u0103 larg\u0103 de preset\u0103ri clinice, piese de m\u00e2n\u0103 \u0219i multe moduri de pulsare, XPulse\u00ae permite medicilor s\u0103 efectueze tratamente cu rezultate remarcabile, iar func\u021bionarea [&hellip;]","og_url":"https:\/\/fotona.md\/ro\/xpulse-line\/","og_site_name":"Fotona","article_modified_time":"2022-12-23T17:19:38+00:00","og_image":[{"url":"https:\/\/fotona.md\/wp-content\/uploads\/2022\/12\/xpulse_temp.jpg"}],"twitter_card":"summary_large_image","twitter_misc":{"Timp estimat pentru citire":"2 minute"},"schema":{"@context":"https:\/\/schema.org","@graph":[{"@type":"WebPage","@id":"https:\/\/fotona.md\/ro\/xpulse-line\/","url":"https:\/\/fotona.md\/ro\/xpulse-line\/","name":"XPulse\u00ae Line | Fotona","isPartOf":{"@id":"https:\/\/fotona.md\/ro\/#website"},"datePublished":"2022-12-07T08:57:44+00:00","dateModified":"2022-12-23T17:19:38+00:00","breadcrumb":{"@id":"https:\/\/fotona.md\/ro\/xpulse-line\/#breadcrumb"},"inLanguage":"ro-RO","potentialAction":[{"@type":"ReadAction","target":["https:\/\/fotona.md\/ro\/xpulse-line\/"]}]},{"@type":"BreadcrumbList","@id":"https:\/\/fotona.md\/ro\/xpulse-line\/#breadcrumb","itemListElement":[{"@type":"ListItem","position":1,"name":"\u0413\u043b\u0430\u0432\u043d\u0430\u044f \u0441\u0442\u0440\u0430\u043d\u0438\u0446\u0430","item":"https:\/\/fotona.md\/ro\/"},{"@type":"ListItem","position":2,"name":"XPulse\u00ae Line"}]},{"@type":"WebSite","@id":"https:\/\/fotona.md\/ro\/#website","url":"https:\/\/fotona.md\/ro\/","name":"FOTONA \u0432 \u041c\u043e\u043b\u0434\u043e\u0432\u0435","description":"\u0415\u0449\u0451 \u043e\u0434\u0438\u043d \u0441\u0430\u0439\u0442 \u043d\u0430 WordPress","potentialAction":[{"@type":"SearchAction","target":{"@type":"EntryPoint","urlTemplate":"https:\/\/fotona.md\/ro\/?s={search_term_string}"},"query-input":"required name=search_term_string"}],"inLanguage":"ro-RO"}]}},"_links":{"self":[{"href":"https:\/\/fotona.md\/ro\/wp-json\/wp\/v2\/pages\/1982","targetHints":{"allow":["GET"]}}],"collection":[{"href":"https:\/\/fotona.md\/ro\/wp-json\/wp\/v2\/pages"}],"about":[{"href":"https:\/\/fotona.md\/ro\/wp-json\/wp\/v2\/types\/page"}],"author":[{"embeddable":true,"href":"https:\/\/fotona.md\/ro\/wp-json\/wp\/v2\/users\/1"}],"replies":[{"embeddable":true,"href":"https:\/\/fotona.md\/ro\/wp-json\/wp\/v2\/comments?post=1982"}],"version-history":[{"count":2,"href":"https:\/\/fotona.md\/ro\/wp-json\/wp\/v2\/pages\/1982\/revisions"}],"predecessor-version":[{"id":1987,"href":"https:\/\/fotona.md\/ro\/wp-json\/wp\/v2\/pages\/1982\/revisions\/1987"}],"wp:attachment":[{"href":"https:\/\/fotona.md\/ro\/wp-json\/wp\/v2\/media?parent=1982"}],"curies":[{"name":"wp","href":"https:\/\/api.w.org\/{rel}","templated":true}]}}